{"id":1385,"date":"2026-04-17T17:14:52","date_gmt":"2026-04-17T15:14:52","guid":{"rendered":"https:\/\/tribulossi.cat\/mural-2024\/"},"modified":"2026-04-21T06:32:38","modified_gmt":"2026-04-21T04:32:38","slug":"mural-2024","status":"publish","type":"page","link":"https:\/\/tribulossi.cat\/es\/arte-urbano\/mural-2024\/","title":{"rendered":"Mural 2024"},"content":{"rendered":"\t\t<div data-elementor-type=\"wp-page\" data-elementor-id=\"1385\" class=\"elementor elementor-1385 elementor-1346\" data-elementor-post-type=\"page\">\n\t\t\t\t<div class=\"elementor-element elementor-element-df1bb54 e-flex e-con-boxed e-con e-parent\" data-id=\"df1bb54\" data-element_type=\"container\">\n\t\t\t\t\t<div class=\"e-con-inner\">\n\t\t<div class=\"elementor-element elementor-element-cbf2768 e-con-full e-flex e-con e-child\" data-id=\"cbf2768\" data-element_type=\"container\">\n\t\t\t\t<div class=\"elementor-element elementor-element-45230d6 elementor-widget elementor-widget-heading\" data-id=\"45230d6\" data-element_type=\"widget\" data-widget_type=\"heading.default\">\n\t\t\t\t<div class=\"elementor-widget-container\">\n\t\t\t\t\t<h2 class=\"elementor-heading-title elementor-size-default\">Dones fosques<\/h2>\t\t\t\t<\/div>\n\t\t\t\t<\/div>\n\t\t\t\t<div class=\"elementor-element elementor-element-b95b897 elementor-widget elementor-widget-text-editor\" data-id=\"b95b897\" data-element_type=\"widget\" data-widget_type=\"text-editor.default\">\n\t\t\t\t<div class=\"elementor-widget-container\">\n\t\t\t\t\t\t\t\t\t<p>Aquestes dones no s\u00f3n joves mai;<br>tampoc tenen futur, per\u00f2 no sembla<br>que els amo\u00efni gaire \u2014o s\u2019ho callen.<br>Un temps fan goig, per\u00f2 v\u00e9nen els fills<br>i es tornen renegrides com la terra.<br>De nen, les veia feinejant al camp,<br>rere els homes, voltades de canalla<br>i en silenci, retudes com l\u2019hivern.<br>Pensava que les nenes del meu joc<br>tamb\u00e9 se\u2019m tornarien fosques i acres.<br>\u201cLes dones s\u00f3n la pesta, s\u00f3n dimonis\u201d,<br>resava sempre el Ton. M\u2019ho deia a cau d\u2019orella,<br>perqu\u00e8 la mare no el sent\u00eds. El pobre,<br>s\u2019ho feia tot a sobre, com un nen.<br>La mare el va cuidar, per caritat,<br>fins a la mort. \u201cNo l\u2019ha estimat cap dona<br>\u2014deia\u2014 i \u00e9s per aix\u00f2 que no t\u00e9 cor.\u201d<br>Quan va morir, no vaig plorar per ell.<br>Un dia de molt sol, amb claps de gel<br>fonent-se al marge del cam\u00ed, la mare<br>se\u2019m va endur amb ella al riu, prop del mol\u00ed.<br>Feien bugada. Dones joves, blanques<br>i alegres com el cant del verderol.<br>\u201cL\u2019\u00faltima \u00e9s verge, o t\u00e9 marit\u201d, va dir<br>la dels cabells de nacre i, aleshores,<br>totes van saltar a l\u2019aigua seminues.<br>Jo vaig quedar sorpr\u00e8s que fossin vives.<br>\u201cTu no has vist res, noiet\u201d, va fer la mare,<br>quan torn\u00e0vem, per\u00f2 tenia por.<br>Es va posar el mocador al cap<br>i res va tornar a ser com era abans.<\/p>\t\t\t\t\t\t\t\t<\/div>\n\t\t\t\t<\/div>\n\t\t\t\t<\/div>\n\t\t<div class=\"elementor-element elementor-element-428b8de e-con-full e-flex e-con e-child\" data-id=\"428b8de\" data-element_type=\"container\">\n\t\t\t\t<div class=\"elementor-element elementor-element-5282082 elementor-widget elementor-widget-image\" data-id=\"5282082\" data-element_type=\"widget\" data-widget_type=\"image.default\">\n\t\t\t\t<div class=\"elementor-widget-container\">\n\t\t\t\t\t\t\t\t\t\t\t\t\t\t\t\t<a href=\"https:\/\/tribulossi.cat\/wp-content\/uploads\/2026\/04\/mural-tribulossi.jpg\" data-elementor-open-lightbox=\"yes\" data-elementor-lightbox-title=\"mural tribulossi\" data-e-action-hash=\"#elementor-action%3Aaction%3Dlightbox%26settings%3DeyJpZCI6MTMwOCwidXJsIjoiaHR0cHM6XC9cL3RyaWJ1bG9zc2kuY2F0XC93cC1jb250ZW50XC91cGxvYWRzXC8yMDI2XC8wNFwvbXVyYWwtdHJpYnVsb3NzaS5qcGcifQ%3D%3D\">\n\t\t\t\t\t\t\t<img decoding=\"async\" src=\"https:\/\/tribulossi.cat\/wp-content\/uploads\/elementor\/thumbs\/mural-tribulossi-rm58fzpr1swoz072b4q7jjc7yy7xq42bucfcdyqv1c.jpg\" title=\"mural tribulossi\" alt=\"mural tribulossi\" loading=\"lazy\" \/>\t\t\t\t\t\t\t\t<\/a>\n\t\t\t\t\t\t\t\t\t\t\t\t\t\t\t<\/div>\n\t\t\t\t<\/div>\n\t\t\t\t<\/div>\n\t\t\t\t\t<\/div>\n\t\t\t\t<\/div>\n\t\t<div class=\"elementor-element elementor-element-64bc2f4 e-flex e-con-boxed e-con e-parent\" data-id=\"64bc2f4\" data-element_type=\"container\">\n\t\t\t\t\t<div class=\"e-con-inner\">\n\t\t<div class=\"elementor-element elementor-element-f19e787 e-con-full e-flex e-con e-child\" data-id=\"f19e787\" data-element_type=\"container\">\n\t\t\t\t<div class=\"elementor-element elementor-element-a8e5c31 elementor-widget elementor-widget-heading\" data-id=\"a8e5c31\" data-element_type=\"widget\" data-widget_type=\"heading.default\">\n\t\t\t\t<div class=\"elementor-widget-container\">\n\t\t\t\t\t<h2 class=\"elementor-heading-title elementor-size-default\">Peter Allan Hull<\/h2>\t\t\t\t<\/div>\n\t\t\t\t<\/div>\n\t\t\t\t<div class=\"elementor-element elementor-element-f90fef8 elementor-icon-list--layout-traditional elementor-list-item-link-full_width elementor-widget elementor-widget-icon-list\" data-id=\"f90fef8\" data-element_type=\"widget\" data-widget_type=\"icon-list.default\">\n\t\t\t\t<div class=\"elementor-widget-container\">\n\t\t\t\t\t\t\t<ul class=\"elementor-icon-list-items\">\n\t\t\t\t\t\t\t<li class=\"elementor-icon-list-item\">\n\t\t\t\t\t\t\t\t\t\t\t<a href=\"https:\/\/www.instagram.com\/peteralanhull\/\">\n\n\t\t\t\t\t\t\t\t\t\t\t\t<span class=\"elementor-icon-list-icon\">\n\t\t\t\t\t\t\t<svg aria-hidden=\"true\" class=\"e-font-icon-svg e-fab-instagram\" viewBox=\"0 0 448 512\" xmlns=\"http:\/\/www.w3.org\/2000\/svg\"><path d=\"M224.1 141c-63.6 0-114.9 51.3-114.9 114.9s51.3 114.9 114.9 114.9S339 319.5 339 255.9 287.7 141 224.1 141zm0 189.6c-41.1 0-74.7-33.5-74.7-74.7s33.5-74.7 74.7-74.7 74.7 33.5 74.7 74.7-33.6 74.7-74.7 74.7zm146.4-194.3c0 14.9-12 26.8-26.8 26.8-14.9 0-26.8-12-26.8-26.8s12-26.8 26.8-26.8 26.8 12 26.8 26.8zm76.1 27.2c-1.7-35.9-9.9-67.7-36.2-93.9-26.2-26.2-58-34.4-93.9-36.2-37-2.1-147.9-2.1-184.9 0-35.8 1.7-67.6 9.9-93.9 36.1s-34.4 58-36.2 93.9c-2.1 37-2.1 147.9 0 184.9 1.7 35.9 9.9 67.7 36.2 93.9s58 34.4 93.9 36.2c37 2.1 147.9 2.1 184.9 0 35.9-1.7 67.7-9.9 93.9-36.2 26.2-26.2 34.4-58 36.2-93.9 2.1-37 2.1-147.8 0-184.8zM398.8 388c-7.8 19.6-22.9 34.7-42.6 42.6-29.5 11.7-99.5 9-132.1 9s-102.7 2.6-132.1-9c-19.6-7.8-34.7-22.9-42.6-42.6-11.7-29.5-9-99.5-9-132.1s-2.6-102.7 9-132.1c7.8-19.6 22.9-34.7 42.6-42.6 29.5-11.7 99.5-9 132.1-9s102.7-2.6 132.1 9c19.6 7.8 34.7 22.9 42.6 42.6 11.7 29.5 9 99.5 9 132.1s2.7 102.7-9 132.1z\"><\/path><\/svg>\t\t\t\t\t\t<\/span>\n\t\t\t\t\t\t\t\t\t\t<span class=\"elementor-icon-list-text\">peteralanhull<\/span>\n\t\t\t\t\t\t\t\t\t\t\t<\/a>\n\t\t\t\t\t\t\t\t\t<\/li>\n\t\t\t\t\t\t<\/ul>\n\t\t\t\t\t\t<\/div>\n\t\t\t\t<\/div>\n\t\t\t\t<div class=\"elementor-element elementor-element-e54a31d elementor-widget elementor-widget-text-editor\" data-id=\"e54a31d\" data-element_type=\"widget\" data-widget_type=\"text-editor.default\">\n\t\t\t\t<div class=\"elementor-widget-container\">\n\t\t\t\t\t\t\t\t\t<p>Nacido en Londres el 9 de agosto de 1962, estudi\u00f3 arquitectura en la University College de Londres. Trabaj\u00f3 en varios despachos de arquitectura en Londres y Barcelona. En los \u00faltimos a\u00f1os se ha desarrollado m\u00e1s con la pintura y dibujos del fondo local, mezclando la arquitectura con el paisaje, la geolog\u00eda e historias del Pallars.<\/p>\t\t\t\t\t\t\t\t<\/div>\n\t\t\t\t<\/div>\n\t\t\t\t<\/div>\n\t\t<div class=\"elementor-element elementor-element-9f6047b e-con-full e-flex e-con e-child\" data-id=\"9f6047b\" data-element_type=\"container\">\n\t\t\t\t<div class=\"elementor-element elementor-element-0ecfd71 elementor-widget elementor-widget-image\" data-id=\"0ecfd71\" data-element_type=\"widget\" data-widget_type=\"image.default\">\n\t\t\t\t<div class=\"elementor-widget-container\">\n\t\t\t\t\t\t\t\t\t\t\t\t\t\t\t<img decoding=\"async\" src=\"https:\/\/tribulossi.cat\/wp-content\/uploads\/elementor\/thumbs\/peter-1-rm59lbo9kjiqewuamn9jqtix3ledqr3sdw4n4wilio.jpg\" title=\"peter\" alt=\"peter\" loading=\"lazy\" \/>\t\t\t\t\t\t\t\t\t\t\t\t\t\t\t<\/div>\n\t\t\t\t<\/div>\n\t\t\t\t<\/div>\n\t\t\t\t\t<\/div>\n\t\t\t\t<\/div>\n\t\t\t\t<\/div>\n\t\t","protected":false},"excerpt":{"rendered":"<p>Dones fosques Aquestes dones no s\u00f3n joves mai;tampoc tenen futur, per\u00f2 no semblaque els amo\u00efni gaire \u2014o s\u2019ho callen.Un temps fan goig, per\u00f2 v\u00e9nen els fillsi es tornen renegrides com [&hellip;]<\/p>\n","protected":false},"author":1,"featured_media":0,"parent":1389,"menu_order":0,"comment_status":"closed","ping_status":"closed","template":"","meta":{"_acf_changed":false,"footnotes":""},"class_list":["post-1385","page","type-page","status-publish","hentry"],"acf":[],"yoast_head":"<!-- This site is optimized with the Yoast SEO plugin v24.5 - https:\/\/yoast.com\/wordpress\/plugins\/seo\/ -->\n<title>Mural 2024 - Festival Tribulossi<\/title>\n<meta name=\"description\" content=\"Dones Fosques, de Xavier Maci\u00e0 interpretado por Peter Allan Hull.\" \/>\n<meta name=\"robots\" content=\"index, follow, max-snippet:-1, max-image-preview:large, max-video-preview:-1\" \/>\n<link rel=\"canonical\" href=\"https:\/\/tribulossi.cat\/es\/arte-urbano\/mural-2024\/\" \/>\n<meta property=\"og:locale\" content=\"es_ES\" \/>\n<meta property=\"og:type\" content=\"article\" \/>\n<meta property=\"og:title\" content=\"Mural 2024 - Festival Tribulossi\" \/>\n<meta property=\"og:description\" content=\"Dones Fosques, de Xavier Maci\u00e0 interpretado por Peter Allan Hull.\" \/>\n<meta property=\"og:url\" content=\"https:\/\/tribulossi.cat\/es\/arte-urbano\/mural-2024\/\" \/>\n<meta property=\"og:site_name\" content=\"Festival Tribulossi\" \/>\n<meta property=\"article:modified_time\" content=\"2026-04-21T04:32:38+00:00\" \/>\n<meta property=\"og:image\" content=\"https:\/\/tribulossi.cat\/wp-content\/uploads\/elementor\/thumbs\/mural-tribulossi-rm58fzpr1swoz072b4q7jjc7yy7xq42bucfcdyqv1c.jpg\" \/>\n<meta name=\"twitter:card\" content=\"summary_large_image\" \/>\n<meta name=\"twitter:label1\" content=\"Tiempo de lectura\" \/>\n\t<meta name=\"twitter:data1\" content=\"1 minuto\" \/>\n<script type=\"application\/ld+json\" class=\"yoast-schema-graph\">{\"@context\":\"https:\/\/schema.org\",\"@graph\":[{\"@type\":\"WebPage\",\"@id\":\"https:\/\/tribulossi.cat\/es\/arte-urbano\/mural-2024\/\",\"url\":\"https:\/\/tribulossi.cat\/es\/arte-urbano\/mural-2024\/\",\"name\":\"Mural 2024 - Festival Tribulossi\",\"isPartOf\":{\"@id\":\"https:\/\/tribulossi.cat\/es\/#website\"},\"primaryImageOfPage\":{\"@id\":\"https:\/\/tribulossi.cat\/es\/arte-urbano\/mural-2024\/#primaryimage\"},\"image\":{\"@id\":\"https:\/\/tribulossi.cat\/es\/arte-urbano\/mural-2024\/#primaryimage\"},\"thumbnailUrl\":\"https:\/\/tribulossi.cat\/wp-content\/uploads\/elementor\/thumbs\/mural-tribulossi-rm58fzpr1swoz072b4q7jjc7yy7xq42bucfcdyqv1c.jpg\",\"datePublished\":\"2026-04-17T15:14:52+00:00\",\"dateModified\":\"2026-04-21T04:32:38+00:00\",\"description\":\"Dones Fosques, de Xavier Maci\u00e0 interpretado por Peter Allan Hull.\",\"breadcrumb\":{\"@id\":\"https:\/\/tribulossi.cat\/es\/arte-urbano\/mural-2024\/#breadcrumb\"},\"inLanguage\":\"es\",\"potentialAction\":[{\"@type\":\"ReadAction\",\"target\":[\"https:\/\/tribulossi.cat\/es\/arte-urbano\/mural-2024\/\"]}]},{\"@type\":\"ImageObject\",\"inLanguage\":\"es\",\"@id\":\"https:\/\/tribulossi.cat\/es\/arte-urbano\/mural-2024\/#primaryimage\",\"url\":\"https:\/\/tribulossi.cat\/wp-content\/uploads\/elementor\/thumbs\/mural-tribulossi-rm58fzpr1swoz072b4q7jjc7yy7xq42bucfcdyqv1c.jpg\",\"contentUrl\":\"https:\/\/tribulossi.cat\/wp-content\/uploads\/elementor\/thumbs\/mural-tribulossi-rm58fzpr1swoz072b4q7jjc7yy7xq42bucfcdyqv1c.jpg\"},{\"@type\":\"BreadcrumbList\",\"@id\":\"https:\/\/tribulossi.cat\/es\/arte-urbano\/mural-2024\/#breadcrumb\",\"itemListElement\":[{\"@type\":\"ListItem\",\"position\":1,\"name\":\"Inici\",\"item\":\"https:\/\/tribulossi.cat\/es\/presentacion\/\"},{\"@type\":\"ListItem\",\"position\":2,\"name\":\"Arte urbano\",\"item\":\"https:\/\/tribulossi.cat\/es\/arte-urbano\/\"},{\"@type\":\"ListItem\",\"position\":3,\"name\":\"Mural 2024\"}]},{\"@type\":\"WebSite\",\"@id\":\"https:\/\/tribulossi.cat\/es\/#website\",\"url\":\"https:\/\/tribulossi.cat\/es\/\",\"name\":\"Festival Tribulossi\",\"description\":\"Festival po\u00e8tic de les arts\",\"publisher\":{\"@id\":\"https:\/\/tribulossi.cat\/es\/#organization\"},\"potentialAction\":[{\"@type\":\"SearchAction\",\"target\":{\"@type\":\"EntryPoint\",\"urlTemplate\":\"https:\/\/tribulossi.cat\/es\/?s={search_term_string}\"},\"query-input\":{\"@type\":\"PropertyValueSpecification\",\"valueRequired\":true,\"valueName\":\"search_term_string\"}}],\"inLanguage\":\"es\"},{\"@type\":\"Organization\",\"@id\":\"https:\/\/tribulossi.cat\/es\/#organization\",\"name\":\"Festival Tribulossi\",\"url\":\"https:\/\/tribulossi.cat\/es\/\",\"logo\":{\"@type\":\"ImageObject\",\"inLanguage\":\"es\",\"@id\":\"https:\/\/tribulossi.cat\/es\/#\/schema\/logo\/image\/\",\"url\":\"https:\/\/tribulossi.cat\/wp-content\/uploads\/2023\/11\/logo-tribulossi.svg\",\"contentUrl\":\"https:\/\/tribulossi.cat\/wp-content\/uploads\/2023\/11\/logo-tribulossi.svg\",\"caption\":\"Festival Tribulossi\"},\"image\":{\"@id\":\"https:\/\/tribulossi.cat\/es\/#\/schema\/logo\/image\/\"}}]}<\/script>\n<!-- \/ Yoast SEO plugin. -->","yoast_head_json":{"title":"Mural 2024 - Festival Tribulossi","description":"Dones Fosques, de Xavier Maci\u00e0 interpretado por Peter Allan Hull.","robots":{"index":"index","follow":"follow","max-snippet":"max-snippet:-1","max-image-preview":"max-image-preview:large","max-video-preview":"max-video-preview:-1"},"canonical":"https:\/\/tribulossi.cat\/es\/arte-urbano\/mural-2024\/","og_locale":"es_ES","og_type":"article","og_title":"Mural 2024 - Festival Tribulossi","og_description":"Dones Fosques, de Xavier Maci\u00e0 interpretado por Peter Allan Hull.","og_url":"https:\/\/tribulossi.cat\/es\/arte-urbano\/mural-2024\/","og_site_name":"Festival Tribulossi","article_modified_time":"2026-04-21T04:32:38+00:00","og_image":[{"url":"https:\/\/tribulossi.cat\/wp-content\/uploads\/elementor\/thumbs\/mural-tribulossi-rm58fzpr1swoz072b4q7jjc7yy7xq42bucfcdyqv1c.jpg","type":"","width":"","height":""}],"twitter_card":"summary_large_image","twitter_misc":{"Tiempo de lectura":"1 minuto"},"schema":{"@context":"https:\/\/schema.org","@graph":[{"@type":"WebPage","@id":"https:\/\/tribulossi.cat\/es\/arte-urbano\/mural-2024\/","url":"https:\/\/tribulossi.cat\/es\/arte-urbano\/mural-2024\/","name":"Mural 2024 - Festival Tribulossi","isPartOf":{"@id":"https:\/\/tribulossi.cat\/es\/#website"},"primaryImageOfPage":{"@id":"https:\/\/tribulossi.cat\/es\/arte-urbano\/mural-2024\/#primaryimage"},"image":{"@id":"https:\/\/tribulossi.cat\/es\/arte-urbano\/mural-2024\/#primaryimage"},"thumbnailUrl":"https:\/\/tribulossi.cat\/wp-content\/uploads\/elementor\/thumbs\/mural-tribulossi-rm58fzpr1swoz072b4q7jjc7yy7xq42bucfcdyqv1c.jpg","datePublished":"2026-04-17T15:14:52+00:00","dateModified":"2026-04-21T04:32:38+00:00","description":"Dones Fosques, de Xavier Maci\u00e0 interpretado por Peter Allan Hull.","breadcrumb":{"@id":"https:\/\/tribulossi.cat\/es\/arte-urbano\/mural-2024\/#breadcrumb"},"inLanguage":"es","potentialAction":[{"@type":"ReadAction","target":["https:\/\/tribulossi.cat\/es\/arte-urbano\/mural-2024\/"]}]},{"@type":"ImageObject","inLanguage":"es","@id":"https:\/\/tribulossi.cat\/es\/arte-urbano\/mural-2024\/#primaryimage","url":"https:\/\/tribulossi.cat\/wp-content\/uploads\/elementor\/thumbs\/mural-tribulossi-rm58fzpr1swoz072b4q7jjc7yy7xq42bucfcdyqv1c.jpg","contentUrl":"https:\/\/tribulossi.cat\/wp-content\/uploads\/elementor\/thumbs\/mural-tribulossi-rm58fzpr1swoz072b4q7jjc7yy7xq42bucfcdyqv1c.jpg"},{"@type":"BreadcrumbList","@id":"https:\/\/tribulossi.cat\/es\/arte-urbano\/mural-2024\/#breadcrumb","itemListElement":[{"@type":"ListItem","position":1,"name":"Inici","item":"https:\/\/tribulossi.cat\/es\/presentacion\/"},{"@type":"ListItem","position":2,"name":"Arte urbano","item":"https:\/\/tribulossi.cat\/es\/arte-urbano\/"},{"@type":"ListItem","position":3,"name":"Mural 2024"}]},{"@type":"WebSite","@id":"https:\/\/tribulossi.cat\/es\/#website","url":"https:\/\/tribulossi.cat\/es\/","name":"Festival Tribulossi","description":"Festival po\u00e8tic de les arts","publisher":{"@id":"https:\/\/tribulossi.cat\/es\/#organization"},"potentialAction":[{"@type":"SearchAction","target":{"@type":"EntryPoint","urlTemplate":"https:\/\/tribulossi.cat\/es\/?s={search_term_string}"},"query-input":{"@type":"PropertyValueSpecification","valueRequired":true,"valueName":"search_term_string"}}],"inLanguage":"es"},{"@type":"Organization","@id":"https:\/\/tribulossi.cat\/es\/#organization","name":"Festival Tribulossi","url":"https:\/\/tribulossi.cat\/es\/","logo":{"@type":"ImageObject","inLanguage":"es","@id":"https:\/\/tribulossi.cat\/es\/#\/schema\/logo\/image\/","url":"https:\/\/tribulossi.cat\/wp-content\/uploads\/2023\/11\/logo-tribulossi.svg","contentUrl":"https:\/\/tribulossi.cat\/wp-content\/uploads\/2023\/11\/logo-tribulossi.svg","caption":"Festival Tribulossi"},"image":{"@id":"https:\/\/tribulossi.cat\/es\/#\/schema\/logo\/image\/"}}]}},"_links":{"self":[{"href":"https:\/\/tribulossi.cat\/es\/wp-json\/wp\/v2\/pages\/1385","targetHints":{"allow":["GET"]}}],"collection":[{"href":"https:\/\/tribulossi.cat\/es\/wp-json\/wp\/v2\/pages"}],"about":[{"href":"https:\/\/tribulossi.cat\/es\/wp-json\/wp\/v2\/types\/page"}],"author":[{"embeddable":true,"href":"https:\/\/tribulossi.cat\/es\/wp-json\/wp\/v2\/users\/1"}],"replies":[{"embeddable":true,"href":"https:\/\/tribulossi.cat\/es\/wp-json\/wp\/v2\/comments?post=1385"}],"version-history":[{"count":1,"href":"https:\/\/tribulossi.cat\/es\/wp-json\/wp\/v2\/pages\/1385\/revisions"}],"predecessor-version":[{"id":1386,"href":"https:\/\/tribulossi.cat\/es\/wp-json\/wp\/v2\/pages\/1385\/revisions\/1386"}],"up":[{"embeddable":true,"href":"https:\/\/tribulossi.cat\/es\/wp-json\/wp\/v2\/pages\/1389"}],"wp:attachment":[{"href":"https:\/\/tribulossi.cat\/es\/wp-json\/wp\/v2\/media?parent=1385"}],"curies":[{"name":"wp","href":"https:\/\/api.w.org\/{rel}","templated":true}]}}