{"id":1387,"date":"2026-04-17T17:22:38","date_gmt":"2026-04-17T15:22:38","guid":{"rendered":"https:\/\/tribulossi.cat\/mural-2025\/"},"modified":"2026-04-21T06:32:38","modified_gmt":"2026-04-21T04:32:38","slug":"mural-2025","status":"publish","type":"page","link":"https:\/\/tribulossi.cat\/es\/arte-urbano\/mural-2025\/","title":{"rendered":"Mural 2025"},"content":{"rendered":"\t\t<div data-elementor-type=\"wp-page\" data-elementor-id=\"1387\" class=\"elementor elementor-1387 elementor-1347\" data-elementor-post-type=\"page\">\n\t\t\t\t<div class=\"elementor-element elementor-element-7e3eb94 e-flex e-con-boxed e-con e-parent\" data-id=\"7e3eb94\" data-element_type=\"container\">\n\t\t\t\t\t<div class=\"e-con-inner\">\n\t\t<div class=\"elementor-element elementor-element-7748707 e-con-full e-flex e-con e-child\" data-id=\"7748707\" data-element_type=\"container\">\n\t\t\t\t<div class=\"elementor-element elementor-element-5227d30 elementor-widget elementor-widget-heading\" data-id=\"5227d30\" data-element_type=\"widget\" data-widget_type=\"heading.default\">\n\t\t\t\t<div class=\"elementor-widget-container\">\n\t\t\t\t\t<h2 class=\"elementor-heading-title elementor-size-default\">Una vall, un espai<\/h2>\t\t\t\t<\/div>\n\t\t\t\t<\/div>\n\t\t\t\t<div class=\"elementor-element elementor-element-983fc70 elementor-widget elementor-widget-text-editor\" data-id=\"983fc70\" data-element_type=\"widget\" data-widget_type=\"text-editor.default\">\n\t\t\t\t<div class=\"elementor-widget-container\">\n\t\t\t\t\t\t\t\t\t<p>All\u00e0 el roc rodolador, quasi gronxant-se,<br>posa brida a l&#8217;embranzida i mig s&#8217;adorm,<br>all\u00e0 el terra recol\u00b7lecta esllavissades,<br>la nevada s&#8217;hi atorrenta sota el sol<br>i els t\u00edmids animalons van a abeurar-se<br>sota l&#8217;ombra de la fronda de la font.<\/p><p>Tot hi porta vers la vall, tot hi descansa,<br>tot hi aterra com d&#8217;un salt per l&#8217;espadat<br>o amb la brusca serenor que du la cama<br>a fer els passos espontanis i al\u00e7ar el cap.<br>All\u00e0 els riscos i els perills, l&#8217;abrupte i l&#8217;aspre,<br>s&#8217;endolceixen, s&#8217;apaivaguen, es fan blans&#8230;<br>A la vall s&#8217;hi desemboca a la impensada,<br>tot s&#8217;hi aboca i s&#8217;hi barreja de bon grat.<br>\u00c9s l&#8217;indret connatural de la trobada,<br>on germina qualsevol comunitat.<\/p><p>Per aix\u00f2, com que \u00e9s l&#8217;espai de la conc\u00f2rdia,<br>que reuneix tots els calius que hi ha als vessants,<br>freq\u00fcentment, l&#8217;\u00e9sser hum\u00e0 que hi viu demostra<br>l&#8217;evid\u00e8ncia confluent amb cerim\u00f2nies,<br>i fa un foc amb tots els focs de cada llar<br>o b\u00e9 es d\u00f3na amb confian\u00e7a a fer cab\u00f2ries<br>i a abra\u00e7ar-se tots alhora,<br>fent un rotlle de sarau.<\/p><p>S\u00f3n els bots i saltirons que el grat paisatge<br>d&#8217;horta i plana, de campanya horitzontal,<br>burxa als m\u00fasculs de la gent de la muntanya,<br>un est\u00edmul per les cames,<br>una excitaci\u00f3 neural,<br>que als tendons retruny amb l&#8217;\u00e0nsia<br>de no parar de fer salts<br>i en el cor, un goig de batre<br>suggestiona i esperona<br>i expansiona i empresona<br>i abraona i acarona<br>i il\u00b7lusiona i distorsiona&#8230;<br>I emociona les persones<br>en les zones m\u00e9s pregones<br>del seu \u00e9sser material.<\/p><p>I aix\u00ed juguen a fer mansa<br>la feresa d&#8217;animals<br>o es constrenyen obligant-se<br>a fer veure que s\u00f3n mancs<br>(balls de l&#8217;\u00f3s i l&#8217;esquerrana<br>i el m\u00e9s cl\u00e0ssic: el ball pla).<br>Aix\u00ed branden folles falles<br>i les porten a cremar<br>al bell mig d&#8217;alguna pla\u00e7a,<br>just al centre de la vall.<br>Aix\u00ed canten les tonades<br>de la dona que fa el pa<br>o fan veure que s&#8217;enfaden<br>i es tornen a conciliar.<\/p><p>I aix\u00ed des de temps immemorial.<br>I amb passi\u00f3!<br>Com, si no?<\/p>\t\t\t\t\t\t\t\t<\/div>\n\t\t\t\t<\/div>\n\t\t\t\t<\/div>\n\t\t<div class=\"elementor-element elementor-element-c3e1239 e-con-full e-flex e-con e-child\" data-id=\"c3e1239\" data-element_type=\"container\">\n\t\t\t\t<div class=\"elementor-element elementor-element-a452c11 elementor-widget elementor-widget-image\" data-id=\"a452c11\" data-element_type=\"widget\" data-widget_type=\"image.default\">\n\t\t\t\t<div class=\"elementor-widget-container\">\n\t\t\t\t\t\t\t\t\t\t\t\t\t\t\t\t<a href=\"https:\/\/tribulossi.cat\/wp-content\/uploads\/2026\/04\/MuralMar.jpg\" data-elementor-open-lightbox=\"yes\" data-elementor-lightbox-title=\"MuralMar\" data-e-action-hash=\"#elementor-action%3Aaction%3Dlightbox%26settings%3DeyJpZCI6MTMxMCwidXJsIjoiaHR0cHM6XC9cL3RyaWJ1bG9zc2kuY2F0XC93cC1jb250ZW50XC91cGxvYWRzXC8yMDI2XC8wNFwvTXVyYWxNYXIuanBnIn0%3D\">\n\t\t\t\t\t\t\t<img decoding=\"async\" src=\"https:\/\/tribulossi.cat\/wp-content\/uploads\/elementor\/thumbs\/MuralMar-rm58g0nl8mxzam5p5n4u413okc3axt626h2tv8pgv4.jpg\" title=\"MuralMar\" alt=\"MuralMar\" loading=\"lazy\" \/>\t\t\t\t\t\t\t\t<\/a>\n\t\t\t\t\t\t\t\t\t\t\t\t\t\t\t<\/div>\n\t\t\t\t<\/div>\n\t\t\t\t<\/div>\n\t\t\t\t\t<\/div>\n\t\t\t\t<\/div>\n\t\t<div class=\"elementor-element elementor-element-b604086 e-flex e-con-boxed e-con e-parent\" data-id=\"b604086\" data-element_type=\"container\">\n\t\t\t\t\t<div class=\"e-con-inner\">\n\t\t<div class=\"elementor-element elementor-element-ebac7ad e-con-full e-flex e-con e-child\" data-id=\"ebac7ad\" data-element_type=\"container\">\n\t\t\t\t<div class=\"elementor-element elementor-element-7f09ebf elementor-widget elementor-widget-heading\" data-id=\"7f09ebf\" data-element_type=\"widget\" data-widget_type=\"heading.default\">\n\t\t\t\t<div class=\"elementor-widget-container\">\n\t\t\t\t\t<h2 class=\"elementor-heading-title elementor-size-default\">Mar H. Teruel<\/h2>\t\t\t\t<\/div>\n\t\t\t\t<\/div>\n\t\t\t\t<div class=\"elementor-element elementor-element-1dd0679 elementor-icon-list--layout-traditional elementor-list-item-link-full_width elementor-widget elementor-widget-icon-list\" data-id=\"1dd0679\" data-element_type=\"widget\" data-widget_type=\"icon-list.default\">\n\t\t\t\t<div class=\"elementor-widget-container\">\n\t\t\t\t\t\t\t<ul class=\"elementor-icon-list-items\">\n\t\t\t\t\t\t\t<li class=\"elementor-icon-list-item\">\n\t\t\t\t\t\t\t\t\t\t\t<a href=\"https:\/\/www.instagram.com\/pintocoses\/\">\n\n\t\t\t\t\t\t\t\t\t\t\t\t<span class=\"elementor-icon-list-icon\">\n\t\t\t\t\t\t\t<svg aria-hidden=\"true\" class=\"e-font-icon-svg e-fab-instagram\" viewBox=\"0 0 448 512\" xmlns=\"http:\/\/www.w3.org\/2000\/svg\"><path d=\"M224.1 141c-63.6 0-114.9 51.3-114.9 114.9s51.3 114.9 114.9 114.9S339 319.5 339 255.9 287.7 141 224.1 141zm0 189.6c-41.1 0-74.7-33.5-74.7-74.7s33.5-74.7 74.7-74.7 74.7 33.5 74.7 74.7-33.6 74.7-74.7 74.7zm146.4-194.3c0 14.9-12 26.8-26.8 26.8-14.9 0-26.8-12-26.8-26.8s12-26.8 26.8-26.8 26.8 12 26.8 26.8zm76.1 27.2c-1.7-35.9-9.9-67.7-36.2-93.9-26.2-26.2-58-34.4-93.9-36.2-37-2.1-147.9-2.1-184.9 0-35.8 1.7-67.6 9.9-93.9 36.1s-34.4 58-36.2 93.9c-2.1 37-2.1 147.9 0 184.9 1.7 35.9 9.9 67.7 36.2 93.9s58 34.4 93.9 36.2c37 2.1 147.9 2.1 184.9 0 35.9-1.7 67.7-9.9 93.9-36.2 26.2-26.2 34.4-58 36.2-93.9 2.1-37 2.1-147.8 0-184.8zM398.8 388c-7.8 19.6-22.9 34.7-42.6 42.6-29.5 11.7-99.5 9-132.1 9s-102.7 2.6-132.1-9c-19.6-7.8-34.7-22.9-42.6-42.6-11.7-29.5-9-99.5-9-132.1s-2.6-102.7 9-132.1c7.8-19.6 22.9-34.7 42.6-42.6 29.5-11.7 99.5-9 132.1-9s102.7-2.6 132.1 9c19.6 7.8 34.7 22.9 42.6 42.6 11.7 29.5 9 99.5 9 132.1s2.7 102.7-9 132.1z\"><\/path><\/svg>\t\t\t\t\t\t<\/span>\n\t\t\t\t\t\t\t\t\t\t<span class=\"elementor-icon-list-text\">pintocoses<\/span>\n\t\t\t\t\t\t\t\t\t\t\t<\/a>\n\t\t\t\t\t\t\t\t\t<\/li>\n\t\t\t\t\t\t<\/ul>\n\t\t\t\t\t\t<\/div>\n\t\t\t\t<\/div>\n\t\t\t\t<div class=\"elementor-element elementor-element-9f0d2e1 elementor-widget elementor-widget-text-editor\" data-id=\"9f0d2e1\" data-element_type=\"widget\" data-widget_type=\"text-editor.default\">\n\t\t\t\t<div class=\"elementor-widget-container\">\n\t\t\t\t\t\t\t\t\t<p>Mar naci\u00f3 en Tremp el 23 de mayo de 1983. Es una ilustradora y muralista que ha enfocado parte de su obra a la reivindicaci\u00f3n social y tambi\u00e9n a poner en valor el patrimonio local. En Tremp encontrar\u00e1 su huella tambi\u00e9n en la Escuela Valldeflors, en el pumptrack del Juncar y en el parque de la Estaci\u00f3n.<\/p>\t\t\t\t\t\t\t\t<\/div>\n\t\t\t\t<\/div>\n\t\t\t\t<\/div>\n\t\t<div class=\"elementor-element elementor-element-3c6f2f5 e-con-full e-flex e-con e-child\" data-id=\"3c6f2f5\" data-element_type=\"container\">\n\t\t\t\t<div class=\"elementor-element elementor-element-a75445f elementor-widget elementor-widget-image\" data-id=\"a75445f\" data-element_type=\"widget\" data-widget_type=\"image.default\">\n\t\t\t\t<div class=\"elementor-widget-container\">\n\t\t\t\t\t\t\t\t\t\t\t\t\t\t\t<img decoding=\"async\" src=\"https:\/\/tribulossi.cat\/wp-content\/uploads\/elementor\/thumbs\/mar-1-rm5a0q91kslwougqoazflxkvkxgxw69f6514a5objk.jpg\" title=\"mar\" alt=\"mar\" loading=\"lazy\" \/>\t\t\t\t\t\t\t\t\t\t\t\t\t\t\t<\/div>\n\t\t\t\t<\/div>\n\t\t\t\t<\/div>\n\t\t\t\t\t<\/div>\n\t\t\t\t<\/div>\n\t\t\t\t<\/div>\n\t\t","protected":false},"excerpt":{"rendered":"<p>Una vall, un espai All\u00e0 el roc rodolador, quasi gronxant-se,posa brida a l&#8217;embranzida i mig s&#8217;adorm,all\u00e0 el terra recol\u00b7lecta esllavissades,la nevada s&#8217;hi atorrenta sota el soli els t\u00edmids animalons van [&hellip;]<\/p>\n","protected":false},"author":1,"featured_media":0,"parent":1389,"menu_order":0,"comment_status":"closed","ping_status":"closed","template":"","meta":{"_acf_changed":false,"footnotes":""},"class_list":["post-1387","page","type-page","status-publish","hentry"],"acf":[],"yoast_head":"<!-- This site is optimized with the Yoast SEO plugin v24.5 - https:\/\/yoast.com\/wordpress\/plugins\/seo\/ -->\n<title>Mural 2025 - Festival Tribulossi<\/title>\n<meta name=\"description\" content=\"Una vall, un espai de Josep Pedrals interpretado per Mar H. Teruel.\" \/>\n<meta name=\"robots\" content=\"index, follow, max-snippet:-1, max-image-preview:large, max-video-preview:-1\" \/>\n<link rel=\"canonical\" href=\"https:\/\/tribulossi.cat\/es\/arte-urbano\/mural-2025\/\" \/>\n<meta property=\"og:locale\" content=\"es_ES\" \/>\n<meta property=\"og:type\" content=\"article\" \/>\n<meta property=\"og:title\" content=\"Mural 2025 - Festival Tribulossi\" \/>\n<meta property=\"og:description\" content=\"Una vall, un espai de Josep Pedrals interpretado per Mar H. Teruel.\" \/>\n<meta property=\"og:url\" content=\"https:\/\/tribulossi.cat\/es\/arte-urbano\/mural-2025\/\" \/>\n<meta property=\"og:site_name\" content=\"Festival Tribulossi\" \/>\n<meta property=\"article:modified_time\" content=\"2026-04-21T04:32:38+00:00\" \/>\n<meta property=\"og:image\" content=\"https:\/\/tribulossi.cat\/wp-content\/uploads\/elementor\/thumbs\/MuralMar-rm58g0nl8mxzam5p5n4u413okc3axt626h2tv8pgv4.jpg\" \/>\n<meta name=\"twitter:card\" content=\"summary_large_image\" \/>\n<meta name=\"twitter:label1\" content=\"Tiempo de lectura\" \/>\n\t<meta name=\"twitter:data1\" content=\"2 minutos\" \/>\n<script type=\"application\/ld+json\" class=\"yoast-schema-graph\">{\"@context\":\"https:\/\/schema.org\",\"@graph\":[{\"@type\":\"WebPage\",\"@id\":\"https:\/\/tribulossi.cat\/es\/arte-urbano\/mural-2025\/\",\"url\":\"https:\/\/tribulossi.cat\/es\/arte-urbano\/mural-2025\/\",\"name\":\"Mural 2025 - Festival Tribulossi\",\"isPartOf\":{\"@id\":\"https:\/\/tribulossi.cat\/es\/#website\"},\"primaryImageOfPage\":{\"@id\":\"https:\/\/tribulossi.cat\/es\/arte-urbano\/mural-2025\/#primaryimage\"},\"image\":{\"@id\":\"https:\/\/tribulossi.cat\/es\/arte-urbano\/mural-2025\/#primaryimage\"},\"thumbnailUrl\":\"https:\/\/tribulossi.cat\/wp-content\/uploads\/elementor\/thumbs\/MuralMar-rm58g0nl8mxzam5p5n4u413okc3axt626h2tv8pgv4.jpg\",\"datePublished\":\"2026-04-17T15:22:38+00:00\",\"dateModified\":\"2026-04-21T04:32:38+00:00\",\"description\":\"Una vall, un espai de Josep Pedrals interpretado per Mar H. Teruel.\",\"breadcrumb\":{\"@id\":\"https:\/\/tribulossi.cat\/es\/arte-urbano\/mural-2025\/#breadcrumb\"},\"inLanguage\":\"es\",\"potentialAction\":[{\"@type\":\"ReadAction\",\"target\":[\"https:\/\/tribulossi.cat\/es\/arte-urbano\/mural-2025\/\"]}]},{\"@type\":\"ImageObject\",\"inLanguage\":\"es\",\"@id\":\"https:\/\/tribulossi.cat\/es\/arte-urbano\/mural-2025\/#primaryimage\",\"url\":\"https:\/\/tribulossi.cat\/wp-content\/uploads\/elementor\/thumbs\/MuralMar-rm58g0nl8mxzam5p5n4u413okc3axt626h2tv8pgv4.jpg\",\"contentUrl\":\"https:\/\/tribulossi.cat\/wp-content\/uploads\/elementor\/thumbs\/MuralMar-rm58g0nl8mxzam5p5n4u413okc3axt626h2tv8pgv4.jpg\"},{\"@type\":\"BreadcrumbList\",\"@id\":\"https:\/\/tribulossi.cat\/es\/arte-urbano\/mural-2025\/#breadcrumb\",\"itemListElement\":[{\"@type\":\"ListItem\",\"position\":1,\"name\":\"Inici\",\"item\":\"https:\/\/tribulossi.cat\/es\/presentacion\/\"},{\"@type\":\"ListItem\",\"position\":2,\"name\":\"Arte urbano\",\"item\":\"https:\/\/tribulossi.cat\/es\/arte-urbano\/\"},{\"@type\":\"ListItem\",\"position\":3,\"name\":\"Mural 2025\"}]},{\"@type\":\"WebSite\",\"@id\":\"https:\/\/tribulossi.cat\/es\/#website\",\"url\":\"https:\/\/tribulossi.cat\/es\/\",\"name\":\"Festival Tribulossi\",\"description\":\"Festival po\u00e8tic de les arts\",\"publisher\":{\"@id\":\"https:\/\/tribulossi.cat\/es\/#organization\"},\"potentialAction\":[{\"@type\":\"SearchAction\",\"target\":{\"@type\":\"EntryPoint\",\"urlTemplate\":\"https:\/\/tribulossi.cat\/es\/?s={search_term_string}\"},\"query-input\":{\"@type\":\"PropertyValueSpecification\",\"valueRequired\":true,\"valueName\":\"search_term_string\"}}],\"inLanguage\":\"es\"},{\"@type\":\"Organization\",\"@id\":\"https:\/\/tribulossi.cat\/es\/#organization\",\"name\":\"Festival Tribulossi\",\"url\":\"https:\/\/tribulossi.cat\/es\/\",\"logo\":{\"@type\":\"ImageObject\",\"inLanguage\":\"es\",\"@id\":\"https:\/\/tribulossi.cat\/es\/#\/schema\/logo\/image\/\",\"url\":\"https:\/\/tribulossi.cat\/wp-content\/uploads\/2023\/11\/logo-tribulossi.svg\",\"contentUrl\":\"https:\/\/tribulossi.cat\/wp-content\/uploads\/2023\/11\/logo-tribulossi.svg\",\"caption\":\"Festival Tribulossi\"},\"image\":{\"@id\":\"https:\/\/tribulossi.cat\/es\/#\/schema\/logo\/image\/\"}}]}<\/script>\n<!-- \/ Yoast SEO plugin. -->","yoast_head_json":{"title":"Mural 2025 - Festival Tribulossi","description":"Una vall, un espai de Josep Pedrals interpretado per Mar H. Teruel.","robots":{"index":"index","follow":"follow","max-snippet":"max-snippet:-1","max-image-preview":"max-image-preview:large","max-video-preview":"max-video-preview:-1"},"canonical":"https:\/\/tribulossi.cat\/es\/arte-urbano\/mural-2025\/","og_locale":"es_ES","og_type":"article","og_title":"Mural 2025 - Festival Tribulossi","og_description":"Una vall, un espai de Josep Pedrals interpretado per Mar H. Teruel.","og_url":"https:\/\/tribulossi.cat\/es\/arte-urbano\/mural-2025\/","og_site_name":"Festival Tribulossi","article_modified_time":"2026-04-21T04:32:38+00:00","og_image":[{"url":"https:\/\/tribulossi.cat\/wp-content\/uploads\/elementor\/thumbs\/MuralMar-rm58g0nl8mxzam5p5n4u413okc3axt626h2tv8pgv4.jpg","type":"","width":"","height":""}],"twitter_card":"summary_large_image","twitter_misc":{"Tiempo de lectura":"2 minutos"},"schema":{"@context":"https:\/\/schema.org","@graph":[{"@type":"WebPage","@id":"https:\/\/tribulossi.cat\/es\/arte-urbano\/mural-2025\/","url":"https:\/\/tribulossi.cat\/es\/arte-urbano\/mural-2025\/","name":"Mural 2025 - Festival Tribulossi","isPartOf":{"@id":"https:\/\/tribulossi.cat\/es\/#website"},"primaryImageOfPage":{"@id":"https:\/\/tribulossi.cat\/es\/arte-urbano\/mural-2025\/#primaryimage"},"image":{"@id":"https:\/\/tribulossi.cat\/es\/arte-urbano\/mural-2025\/#primaryimage"},"thumbnailUrl":"https:\/\/tribulossi.cat\/wp-content\/uploads\/elementor\/thumbs\/MuralMar-rm58g0nl8mxzam5p5n4u413okc3axt626h2tv8pgv4.jpg","datePublished":"2026-04-17T15:22:38+00:00","dateModified":"2026-04-21T04:32:38+00:00","description":"Una vall, un espai de Josep Pedrals interpretado per Mar H. Teruel.","breadcrumb":{"@id":"https:\/\/tribulossi.cat\/es\/arte-urbano\/mural-2025\/#breadcrumb"},"inLanguage":"es","potentialAction":[{"@type":"ReadAction","target":["https:\/\/tribulossi.cat\/es\/arte-urbano\/mural-2025\/"]}]},{"@type":"ImageObject","inLanguage":"es","@id":"https:\/\/tribulossi.cat\/es\/arte-urbano\/mural-2025\/#primaryimage","url":"https:\/\/tribulossi.cat\/wp-content\/uploads\/elementor\/thumbs\/MuralMar-rm58g0nl8mxzam5p5n4u413okc3axt626h2tv8pgv4.jpg","contentUrl":"https:\/\/tribulossi.cat\/wp-content\/uploads\/elementor\/thumbs\/MuralMar-rm58g0nl8mxzam5p5n4u413okc3axt626h2tv8pgv4.jpg"},{"@type":"BreadcrumbList","@id":"https:\/\/tribulossi.cat\/es\/arte-urbano\/mural-2025\/#breadcrumb","itemListElement":[{"@type":"ListItem","position":1,"name":"Inici","item":"https:\/\/tribulossi.cat\/es\/presentacion\/"},{"@type":"ListItem","position":2,"name":"Arte urbano","item":"https:\/\/tribulossi.cat\/es\/arte-urbano\/"},{"@type":"ListItem","position":3,"name":"Mural 2025"}]},{"@type":"WebSite","@id":"https:\/\/tribulossi.cat\/es\/#website","url":"https:\/\/tribulossi.cat\/es\/","name":"Festival Tribulossi","description":"Festival po\u00e8tic de les arts","publisher":{"@id":"https:\/\/tribulossi.cat\/es\/#organization"},"potentialAction":[{"@type":"SearchAction","target":{"@type":"EntryPoint","urlTemplate":"https:\/\/tribulossi.cat\/es\/?s={search_term_string}"},"query-input":{"@type":"PropertyValueSpecification","valueRequired":true,"valueName":"search_term_string"}}],"inLanguage":"es"},{"@type":"Organization","@id":"https:\/\/tribulossi.cat\/es\/#organization","name":"Festival Tribulossi","url":"https:\/\/tribulossi.cat\/es\/","logo":{"@type":"ImageObject","inLanguage":"es","@id":"https:\/\/tribulossi.cat\/es\/#\/schema\/logo\/image\/","url":"https:\/\/tribulossi.cat\/wp-content\/uploads\/2023\/11\/logo-tribulossi.svg","contentUrl":"https:\/\/tribulossi.cat\/wp-content\/uploads\/2023\/11\/logo-tribulossi.svg","caption":"Festival Tribulossi"},"image":{"@id":"https:\/\/tribulossi.cat\/es\/#\/schema\/logo\/image\/"}}]}},"_links":{"self":[{"href":"https:\/\/tribulossi.cat\/es\/wp-json\/wp\/v2\/pages\/1387","targetHints":{"allow":["GET"]}}],"collection":[{"href":"https:\/\/tribulossi.cat\/es\/wp-json\/wp\/v2\/pages"}],"about":[{"href":"https:\/\/tribulossi.cat\/es\/wp-json\/wp\/v2\/types\/page"}],"author":[{"embeddable":true,"href":"https:\/\/tribulossi.cat\/es\/wp-json\/wp\/v2\/users\/1"}],"replies":[{"embeddable":true,"href":"https:\/\/tribulossi.cat\/es\/wp-json\/wp\/v2\/comments?post=1387"}],"version-history":[{"count":1,"href":"https:\/\/tribulossi.cat\/es\/wp-json\/wp\/v2\/pages\/1387\/revisions"}],"predecessor-version":[{"id":1388,"href":"https:\/\/tribulossi.cat\/es\/wp-json\/wp\/v2\/pages\/1387\/revisions\/1388"}],"up":[{"embeddable":true,"href":"https:\/\/tribulossi.cat\/es\/wp-json\/wp\/v2\/pages\/1389"}],"wp:attachment":[{"href":"https:\/\/tribulossi.cat\/es\/wp-json\/wp\/v2\/media?parent=1387"}],"curies":[{"name":"wp","href":"https:\/\/api.w.org\/{rel}","templated":true}]}}