{"id":1389,"date":"2026-04-17T16:31:50","date_gmt":"2026-04-17T14:31:50","guid":{"rendered":"https:\/\/tribulossi.cat\/arte-urbano\/"},"modified":"2026-04-21T06:32:38","modified_gmt":"2026-04-21T04:32:38","slug":"arte-urbano","status":"publish","type":"page","link":"https:\/\/tribulossi.cat\/es\/arte-urbano\/","title":{"rendered":"Arte urbano"},"content":{"rendered":"\t\t<div data-elementor-type=\"wp-page\" data-elementor-id=\"1389\" class=\"elementor elementor-1389 elementor-1296\" data-elementor-post-type=\"page\">\n\t\t\t\t<div class=\"elementor-element elementor-element-4dc41b8 e-flex e-con-boxed e-con e-parent\" data-id=\"4dc41b8\" data-element_type=\"container\">\n\t\t\t\t\t<div class=\"e-con-inner\">\n\t\t\t\t<div class=\"elementor-element elementor-element-409292b elementor-widget elementor-widget-heading\" data-id=\"409292b\" data-element_type=\"widget\" data-widget_type=\"heading.default\">\n\t\t\t\t<div class=\"elementor-widget-container\">\n\t\t\t\t\t<h2 class=\"elementor-heading-title elementor-size-default\">El Tribulossi busca embellecer espacios de Tremp a partir del arte de la ilustraci\u00f3n mural. Cada a\u00f1o un artista interpreta un poema en alguna pared a poner en valor en Tremp.<\/h2>\t\t\t\t<\/div>\n\t\t\t\t<\/div>\n\t\t\t\t<div class=\"elementor-element elementor-element-acc5189 elementor-widget elementor-widget-text-editor\" data-id=\"acc5189\" data-element_type=\"widget\" data-widget_type=\"text-editor.default\">\n\t\t\t\t<div class=\"elementor-widget-container\">\n\t\t\t\t\t\t\t\t\t<p>En cada mural se coloca una placa con el poema que ha sido inspiraci\u00f3n, de modo que se va creando gradualmente un peque\u00f1o itinerario po\u00e9tico y visual por la ciudad.<\/p>\t\t\t\t\t\t\t\t<\/div>\n\t\t\t\t<\/div>\n\t\t\t\t\t<\/div>\n\t\t\t\t<\/div>\n\t\t<div class=\"elementor-element elementor-element-bec59b3 e-grid e-con-boxed e-con e-parent\" data-id=\"bec59b3\" data-element_type=\"container\">\n\t\t\t\t\t<div class=\"e-con-inner\">\n\t\t\t\t<div class=\"elementor-element elementor-element-d31d794 elementor-cta--skin-classic elementor-animated-content elementor-bg-transform elementor-bg-transform-zoom-in elementor-widget elementor-widget-call-to-action\" data-id=\"d31d794\" data-element_type=\"widget\" data-widget_type=\"call-to-action.default\">\n\t\t\t\t<div class=\"elementor-widget-container\">\n\t\t\t\t\t\t\t<a class=\"elementor-cta\" href=\"https:\/\/tribulossi.cat\/es\/mural-2025\/\">\n\t\t\t\t\t<div class=\"elementor-cta__bg-wrapper\">\n\t\t\t\t<div class=\"elementor-cta__bg elementor-bg\" style=\"background-image: url(https:\/\/tribulossi.cat\/wp-content\/uploads\/elementor\/thumbs\/MuralMar-rm58g0nisxdoj76inw2yez8yvi48w6pt0deble9zug.jpg);\" role=\"img\" aria-label=\"MuralMar\"><\/div>\n\t\t\t\t<div class=\"elementor-cta__bg-overlay\"><\/div>\n\t\t\t<\/div>\n\t\t\t\t\t\t\t<div class=\"elementor-cta__content\">\n\t\t\t\t\n\t\t\t\t\t\t\t\t\t<h2 class=\"elementor-cta__title elementor-cta__content-item elementor-content-item\">\n\t\t\t\t\t\tMural 2025\t\t\t\t\t<\/h2>\n\t\t\t\t\n\t\t\t\t\t\t\t\t\t<div class=\"elementor-cta__description elementor-cta__content-item elementor-content-item\">\n\t\t\t\t\t\tUna vall, un espai de Josep Pedrals interpretado per Mar H. Teruel\t\t\t\t\t<\/div>\n\t\t\t\t\n\t\t\t\t\t\t\t\t\t<div class=\"elementor-cta__button-wrapper elementor-cta__content-item elementor-content-item \">\n\t\t\t\t\t<span class=\"elementor-cta__button elementor-button elementor-size-\">\n\t\t\t\t\t\tLeer m\u00e1s\t\t\t\t\t<\/span>\n\t\t\t\t\t<\/div>\n\t\t\t\t\t\t\t<\/div>\n\t\t\t\t\t\t<\/a>\n\t\t\t\t\t\t<\/div>\n\t\t\t\t<\/div>\n\t\t\t\t<div class=\"elementor-element elementor-element-9a66ea9 elementor-cta--skin-classic elementor-animated-content elementor-bg-transform elementor-bg-transform-zoom-in elementor-widget elementor-widget-call-to-action\" data-id=\"9a66ea9\" data-element_type=\"widget\" data-widget_type=\"call-to-action.default\">\n\t\t\t\t<div class=\"elementor-widget-container\">\n\t\t\t\t\t\t\t<a class=\"elementor-cta\" href=\"https:\/\/tribulossi.cat\/es\/mural-2024\/\">\n\t\t\t\t\t<div class=\"elementor-cta__bg-wrapper\">\n\t\t\t\t<div class=\"elementor-cta__bg elementor-bg\" style=\"background-image: url(https:\/\/tribulossi.cat\/wp-content\/uploads\/elementor\/thumbs\/mural-tribulossi-rm58fzpom3ce7l7vtdobuhhia48vohm2o8qu44be0o.jpg);\" role=\"img\" aria-label=\"mural tribulossi\"><\/div>\n\t\t\t\t<div class=\"elementor-cta__bg-overlay\"><\/div>\n\t\t\t<\/div>\n\t\t\t\t\t\t\t<div class=\"elementor-cta__content\">\n\t\t\t\t\n\t\t\t\t\t\t\t\t\t<h2 class=\"elementor-cta__title elementor-cta__content-item elementor-content-item\">\n\t\t\t\t\t\tMural 2024\t\t\t\t\t<\/h2>\n\t\t\t\t\n\t\t\t\t\t\t\t\t\t<div class=\"elementor-cta__description elementor-cta__content-item elementor-content-item\">\n\t\t\t\t\t\tDones Fosques, de Xavier Maci\u00e0 interpretado por Peter Allan Hull\t\t\t\t\t<\/div>\n\t\t\t\t\n\t\t\t\t\t\t\t\t\t<div class=\"elementor-cta__button-wrapper elementor-cta__content-item elementor-content-item \">\n\t\t\t\t\t<span class=\"elementor-cta__button elementor-button elementor-size-\">\n\t\t\t\t\t\tLeer m\u00e1s\t\t\t\t\t<\/span>\n\t\t\t\t\t<\/div>\n\t\t\t\t\t\t\t<\/div>\n\t\t\t\t\t\t<\/a>\n\t\t\t\t\t\t<\/div>\n\t\t\t\t<\/div>\n\t\t\t\t<div class=\"elementor-element elementor-element-cf0207a elementor-cta--skin-classic elementor-animated-content elementor-bg-transform elementor-bg-transform-zoom-in elementor-widget elementor-widget-call-to-action\" data-id=\"cf0207a\" data-element_type=\"widget\" data-widget_type=\"call-to-action.default\">\n\t\t\t\t<div class=\"elementor-widget-container\">\n\t\t\t\t\t\t\t<a class=\"elementor-cta\" href=\"https:\/\/tribulossi.cat\/es\/mural-2023\/\">\n\t\t\t\t\t<div class=\"elementor-cta__bg-wrapper\">\n\t\t\t\t<div class=\"elementor-cta__bg elementor-bg\" style=\"background-image: url(https:\/\/tribulossi.cat\/wp-content\/uploads\/elementor\/thumbs\/muralPodries-rm58go5hjs9ulg8duo8mnbbhq4wf8mb3flpglbb5iw.jpg);\" role=\"img\" aria-label=\"muralPodries\"><\/div>\n\t\t\t\t<div class=\"elementor-cta__bg-overlay\"><\/div>\n\t\t\t<\/div>\n\t\t\t\t\t\t\t<div class=\"elementor-cta__content\">\n\t\t\t\t\n\t\t\t\t\t\t\t\t\t<h2 class=\"elementor-cta__title elementor-cta__content-item elementor-content-item\">\n\t\t\t\t\t\tMural 2023\t\t\t\t\t<\/h2>\n\t\t\t\t\n\t\t\t\t\t\t\t\t\t<div class=\"elementor-cta__description elementor-cta__content-item elementor-content-item\">\n\t\t\t\t\t\tPodries, de Joana Raspall interpretado por Gustavo Tulande\t\t\t\t\t<\/div>\n\t\t\t\t\n\t\t\t\t\t\t\t\t\t<div class=\"elementor-cta__button-wrapper elementor-cta__content-item elementor-content-item \">\n\t\t\t\t\t<span class=\"elementor-cta__button elementor-button elementor-size-\">\n\t\t\t\t\t\tLeer m\u00e1s\t\t\t\t\t<\/span>\n\t\t\t\t\t<\/div>\n\t\t\t\t\t\t\t<\/div>\n\t\t\t\t\t\t<\/a>\n\t\t\t\t\t\t<\/div>\n\t\t\t\t<\/div>\n\t\t\t\t\t<\/div>\n\t\t\t\t<\/div>\n\t\t\t\t<\/div>\n\t\t","protected":false},"excerpt":{"rendered":"<p>El Tribulossi busca embellecer espacios de Tremp a partir del arte de la ilustraci\u00f3n mural. Cada a\u00f1o un artista interpreta un poema en alguna pared a poner en valor en [&hellip;]<\/p>\n","protected":false},"author":1,"featured_media":0,"parent":0,"menu_order":0,"comment_status":"closed","ping_status":"closed","template":"","meta":{"_acf_changed":false,"footnotes":""},"class_list":["post-1389","page","type-page","status-publish","hentry"],"acf":[],"yoast_head":"<!-- This site is optimized with the Yoast SEO plugin v24.5 - https:\/\/yoast.com\/wordpress\/plugins\/seo\/ -->\n<title>Arte urbano - Festival Tribulossi<\/title>\n<meta name=\"description\" content=\"El Tribulossi embellece a Tremp con murales inspirados en poemas, donde cada a\u00f1o un artista transforma paredes en espacios de expresi\u00f3n art\u00edstica.\" \/>\n<meta name=\"robots\" content=\"index, follow, max-snippet:-1, max-image-preview:large, max-video-preview:-1\" \/>\n<link rel=\"canonical\" href=\"https:\/\/tribulossi.cat\/es\/arte-urbano\/\" \/>\n<meta property=\"og:locale\" content=\"es_ES\" \/>\n<meta property=\"og:type\" content=\"article\" \/>\n<meta property=\"og:title\" content=\"Arte urbano - Festival Tribulossi\" \/>\n<meta property=\"og:description\" content=\"El Tribulossi embellece a Tremp con murales inspirados en poemas, donde cada a\u00f1o un artista transforma paredes en espacios de expresi\u00f3n art\u00edstica.\" \/>\n<meta property=\"og:url\" content=\"https:\/\/tribulossi.cat\/es\/arte-urbano\/\" \/>\n<meta property=\"og:site_name\" content=\"Festival Tribulossi\" \/>\n<meta property=\"article:modified_time\" content=\"2026-04-21T04:32:38+00:00\" \/>\n<meta property=\"og:image\" content=\"https:\/\/tribulossi.cat\/wp-content\/uploads\/2023\/11\/Logo-tribulossi.png\" \/>\n\t<meta property=\"og:image:width\" content=\"1787\" \/>\n\t<meta property=\"og:image:height\" content=\"1146\" \/>\n\t<meta property=\"og:image:type\" content=\"image\/png\" \/>\n<meta name=\"twitter:card\" content=\"summary_large_image\" \/>\n<meta name=\"twitter:label1\" content=\"Tiempo de lectura\" \/>\n\t<meta name=\"twitter:data1\" content=\"1 minuto\" \/>\n<script type=\"application\/ld+json\" class=\"yoast-schema-graph\">{\"@context\":\"https:\/\/schema.org\",\"@graph\":[{\"@type\":\"WebPage\",\"@id\":\"https:\/\/tribulossi.cat\/es\/arte-urbano\/\",\"url\":\"https:\/\/tribulossi.cat\/es\/arte-urbano\/\",\"name\":\"Arte urbano - Festival Tribulossi\",\"isPartOf\":{\"@id\":\"https:\/\/tribulossi.cat\/es\/#website\"},\"datePublished\":\"2026-04-17T14:31:50+00:00\",\"dateModified\":\"2026-04-21T04:32:38+00:00\",\"description\":\"El Tribulossi embellece a Tremp con murales inspirados en poemas, donde cada a\u00f1o un artista transforma paredes en espacios de expresi\u00f3n art\u00edstica.\",\"breadcrumb\":{\"@id\":\"https:\/\/tribulossi.cat\/es\/arte-urbano\/#breadcrumb\"},\"inLanguage\":\"es\",\"potentialAction\":[{\"@type\":\"ReadAction\",\"target\":[\"https:\/\/tribulossi.cat\/es\/arte-urbano\/\"]}]},{\"@type\":\"BreadcrumbList\",\"@id\":\"https:\/\/tribulossi.cat\/es\/arte-urbano\/#breadcrumb\",\"itemListElement\":[{\"@type\":\"ListItem\",\"position\":1,\"name\":\"Inici\",\"item\":\"https:\/\/tribulossi.cat\/es\/presentacion\/\"},{\"@type\":\"ListItem\",\"position\":2,\"name\":\"Arte urbano\"}]},{\"@type\":\"WebSite\",\"@id\":\"https:\/\/tribulossi.cat\/es\/#website\",\"url\":\"https:\/\/tribulossi.cat\/es\/\",\"name\":\"Festival Tribulossi\",\"description\":\"Festival po\u00e8tic de les arts\",\"publisher\":{\"@id\":\"https:\/\/tribulossi.cat\/es\/#organization\"},\"potentialAction\":[{\"@type\":\"SearchAction\",\"target\":{\"@type\":\"EntryPoint\",\"urlTemplate\":\"https:\/\/tribulossi.cat\/es\/?s={search_term_string}\"},\"query-input\":{\"@type\":\"PropertyValueSpecification\",\"valueRequired\":true,\"valueName\":\"search_term_string\"}}],\"inLanguage\":\"es\"},{\"@type\":\"Organization\",\"@id\":\"https:\/\/tribulossi.cat\/es\/#organization\",\"name\":\"Festival Tribulossi\",\"url\":\"https:\/\/tribulossi.cat\/es\/\",\"logo\":{\"@type\":\"ImageObject\",\"inLanguage\":\"es\",\"@id\":\"https:\/\/tribulossi.cat\/es\/#\/schema\/logo\/image\/\",\"url\":\"https:\/\/tribulossi.cat\/wp-content\/uploads\/2023\/11\/logo-tribulossi.svg\",\"contentUrl\":\"https:\/\/tribulossi.cat\/wp-content\/uploads\/2023\/11\/logo-tribulossi.svg\",\"caption\":\"Festival Tribulossi\"},\"image\":{\"@id\":\"https:\/\/tribulossi.cat\/es\/#\/schema\/logo\/image\/\"}}]}<\/script>\n<!-- \/ Yoast SEO plugin. -->","yoast_head_json":{"title":"Arte urbano - Festival Tribulossi","description":"El Tribulossi embellece a Tremp con murales inspirados en poemas, donde cada a\u00f1o un artista transforma paredes en espacios de expresi\u00f3n art\u00edstica.","robots":{"index":"index","follow":"follow","max-snippet":"max-snippet:-1","max-image-preview":"max-image-preview:large","max-video-preview":"max-video-preview:-1"},"canonical":"https:\/\/tribulossi.cat\/es\/arte-urbano\/","og_locale":"es_ES","og_type":"article","og_title":"Arte urbano - Festival Tribulossi","og_description":"El Tribulossi embellece a Tremp con murales inspirados en poemas, donde cada a\u00f1o un artista transforma paredes en espacios de expresi\u00f3n art\u00edstica.","og_url":"https:\/\/tribulossi.cat\/es\/arte-urbano\/","og_site_name":"Festival Tribulossi","article_modified_time":"2026-04-21T04:32:38+00:00","og_image":[{"width":1787,"height":1146,"url":"https:\/\/tribulossi.cat\/wp-content\/uploads\/2023\/11\/Logo-tribulossi.png","type":"image\/png"}],"twitter_card":"summary_large_image","twitter_misc":{"Tiempo de lectura":"1 minuto"},"schema":{"@context":"https:\/\/schema.org","@graph":[{"@type":"WebPage","@id":"https:\/\/tribulossi.cat\/es\/arte-urbano\/","url":"https:\/\/tribulossi.cat\/es\/arte-urbano\/","name":"Arte urbano - Festival Tribulossi","isPartOf":{"@id":"https:\/\/tribulossi.cat\/es\/#website"},"datePublished":"2026-04-17T14:31:50+00:00","dateModified":"2026-04-21T04:32:38+00:00","description":"El Tribulossi embellece a Tremp con murales inspirados en poemas, donde cada a\u00f1o un artista transforma paredes en espacios de expresi\u00f3n art\u00edstica.","breadcrumb":{"@id":"https:\/\/tribulossi.cat\/es\/arte-urbano\/#breadcrumb"},"inLanguage":"es","potentialAction":[{"@type":"ReadAction","target":["https:\/\/tribulossi.cat\/es\/arte-urbano\/"]}]},{"@type":"BreadcrumbList","@id":"https:\/\/tribulossi.cat\/es\/arte-urbano\/#breadcrumb","itemListElement":[{"@type":"ListItem","position":1,"name":"Inici","item":"https:\/\/tribulossi.cat\/es\/presentacion\/"},{"@type":"ListItem","position":2,"name":"Arte urbano"}]},{"@type":"WebSite","@id":"https:\/\/tribulossi.cat\/es\/#website","url":"https:\/\/tribulossi.cat\/es\/","name":"Festival Tribulossi","description":"Festival po\u00e8tic de les arts","publisher":{"@id":"https:\/\/tribulossi.cat\/es\/#organization"},"potentialAction":[{"@type":"SearchAction","target":{"@type":"EntryPoint","urlTemplate":"https:\/\/tribulossi.cat\/es\/?s={search_term_string}"},"query-input":{"@type":"PropertyValueSpecification","valueRequired":true,"valueName":"search_term_string"}}],"inLanguage":"es"},{"@type":"Organization","@id":"https:\/\/tribulossi.cat\/es\/#organization","name":"Festival Tribulossi","url":"https:\/\/tribulossi.cat\/es\/","logo":{"@type":"ImageObject","inLanguage":"es","@id":"https:\/\/tribulossi.cat\/es\/#\/schema\/logo\/image\/","url":"https:\/\/tribulossi.cat\/wp-content\/uploads\/2023\/11\/logo-tribulossi.svg","contentUrl":"https:\/\/tribulossi.cat\/wp-content\/uploads\/2023\/11\/logo-tribulossi.svg","caption":"Festival Tribulossi"},"image":{"@id":"https:\/\/tribulossi.cat\/es\/#\/schema\/logo\/image\/"}}]}},"_links":{"self":[{"href":"https:\/\/tribulossi.cat\/es\/wp-json\/wp\/v2\/pages\/1389","targetHints":{"allow":["GET"]}}],"collection":[{"href":"https:\/\/tribulossi.cat\/es\/wp-json\/wp\/v2\/pages"}],"about":[{"href":"https:\/\/tribulossi.cat\/es\/wp-json\/wp\/v2\/types\/page"}],"author":[{"embeddable":true,"href":"https:\/\/tribulossi.cat\/es\/wp-json\/wp\/v2\/users\/1"}],"replies":[{"embeddable":true,"href":"https:\/\/tribulossi.cat\/es\/wp-json\/wp\/v2\/comments?post=1389"}],"version-history":[{"count":1,"href":"https:\/\/tribulossi.cat\/es\/wp-json\/wp\/v2\/pages\/1389\/revisions"}],"predecessor-version":[{"id":1390,"href":"https:\/\/tribulossi.cat\/es\/wp-json\/wp\/v2\/pages\/1389\/revisions\/1390"}],"wp:attachment":[{"href":"https:\/\/tribulossi.cat\/es\/wp-json\/wp\/v2\/media?parent=1389"}],"curies":[{"name":"wp","href":"https:\/\/api.w.org\/{rel}","templated":true}]}}