{"id":752,"date":"2023-11-28T07:37:53","date_gmt":"2023-11-28T06:37:53","guid":{"rendered":"https:\/\/tribulossi.cat\/presentacion\/"},"modified":"2025-02-26T17:20:56","modified_gmt":"2025-02-26T16:20:56","slug":"presentacion","status":"publish","type":"page","link":"https:\/\/tribulossi.cat\/es\/","title":{"rendered":"Presentaci\u00f3n"},"content":{"rendered":"\t\t<div data-elementor-type=\"wp-page\" data-elementor-id=\"752\" class=\"elementor elementor-752 elementor-45\" data-elementor-post-type=\"page\">\n\t\t\t\t<div class=\"elementor-element elementor-element-60fe121 e-flex e-con-boxed e-con e-parent\" data-id=\"60fe121\" data-element_type=\"container\" data-settings=\"{&quot;background_background&quot;:&quot;classic&quot;}\">\n\t\t\t\t\t<div class=\"e-con-inner\">\n\t\t<div class=\"elementor-element elementor-element-52b194a e-con-full e-flex e-con e-child\" data-id=\"52b194a\" data-element_type=\"container\">\n\t\t\t\t<div class=\"elementor-element elementor-element-51312d0 elementor-widget elementor-widget-heading\" data-id=\"51312d0\" data-element_type=\"widget\" data-widget_type=\"heading.default\">\n\t\t\t\t<div class=\"elementor-widget-container\">\n\t\t\t\t\t<h2 class=\"elementor-heading-title elementor-size-default\">Tribulossi<\/h2>\t\t\t\t<\/div>\n\t\t\t\t<\/div>\n\t\t\t\t<div class=\"elementor-element elementor-element-54346ab elementor-widget elementor-widget-text-editor\" data-id=\"54346ab\" data-element_type=\"widget\" data-widget_type=\"text-editor.default\">\n\t\t\t\t<div class=\"elementor-widget-container\">\n\t\t\t\t\t\t\t\t\t<p><b>Tribulossi <\/b>es una palabra pallaresa o pirenaica que significa descalabro; revuelo de ruido y gritos, alboroto, tribulaci\u00f3n o ruido causados \u200b\u200bpor el exceso de gente, de movimiento, etc. Y eso es lo que quiere provocar este proyecto, un movimiento y alboroto en un territorio y en unas personas que lo habitan o lo disfrutan.<\/p><p>Queremos hacer un festival po\u00e9tico, s\u00ed, pero desenfadado, porque la poes\u00eda va m\u00e1s all\u00e1 de los recitales al uso con un p\u00fablico en riguroso silencio y adem\u00e1n trascendente (que tambi\u00e9n deben tener cabida) y al mismo tiempo porque la poes\u00eda tambi\u00e9n debe de remover el alma y debe provocar un revuelo en los sentidos, ya sea por su vertiente m\u00e1s l\u00fadica, por su tem\u00e1tica, etc.<\/p><p><b>Tribulossi<\/b> utiliza la poes\u00eda como veh\u00edculo conductor de todas aquellas manifestaciones art\u00edsticas que pueden ser inspiradoras. Con las propuestas de danza, teatro, m\u00fasica, artes pl\u00e1sticas, gastronom\u00eda se quiere generar este revuelo que significa la palabra de nuestro festival.<\/p>\t\t\t\t\t\t\t\t<\/div>\n\t\t\t\t<\/div>\n\t\t\t\t<\/div>\n\t\t<div class=\"elementor-element elementor-element-3d6a52a e-con-full e-flex e-con e-child\" data-id=\"3d6a52a\" data-element_type=\"container\">\n\t\t\t\t<div class=\"elementor-element elementor-element-7e35522 elementor-widget elementor-widget-image\" data-id=\"7e35522\" data-element_type=\"widget\" data-widget_type=\"image.default\">\n\t\t\t\t<div class=\"elementor-widget-container\">\n\t\t\t\t\t\t\t\t\t\t\t\t\t\t\t<img fetchpriority=\"high\" decoding=\"async\" width=\"486\" height=\"648\" src=\"https:\/\/tribulossi.cat\/wp-content\/uploads\/2023\/12\/taca-vemella.png\" class=\"attachment-large size-large wp-image-96\" alt=\"\" srcset=\"https:\/\/tribulossi.cat\/wp-content\/uploads\/2023\/12\/taca-vemella.png 486w, https:\/\/tribulossi.cat\/wp-content\/uploads\/2023\/12\/taca-vemella-225x300.png 225w\" sizes=\"(max-width: 486px) 100vw, 486px\" \/>\t\t\t\t\t\t\t\t\t\t\t\t\t\t\t<\/div>\n\t\t\t\t<\/div>\n\t\t\t\t<\/div>\n\t\t\t\t\t<\/div>\n\t\t\t\t<\/div>\n\t\t<div class=\"elementor-element elementor-element-f2b0542 e-flex e-con-boxed e-con e-parent\" data-id=\"f2b0542\" data-element_type=\"container\" data-settings=\"{&quot;background_background&quot;:&quot;classic&quot;}\">\n\t\t\t\t\t<div class=\"e-con-inner\">\n\t\t<div class=\"elementor-element elementor-element-91f0a75 e-con-full e-flex e-con e-child\" data-id=\"91f0a75\" data-element_type=\"container\">\n\t\t\t\t<div class=\"elementor-element elementor-element-86f379f elementor-widget elementor-widget-image\" data-id=\"86f379f\" data-element_type=\"widget\" data-widget_type=\"image.default\">\n\t\t\t\t<div class=\"elementor-widget-container\">\n\t\t\t\t\t\t\t\t\t\t\t\t\t\t\t<img decoding=\"async\" width=\"768\" height=\"1024\" src=\"https:\/\/tribulossi.cat\/wp-content\/uploads\/2023\/12\/taca-gris-768x1024.png\" class=\"attachment-large size-large wp-image-95\" alt=\"\" srcset=\"https:\/\/tribulossi.cat\/wp-content\/uploads\/2023\/12\/taca-gris-768x1024.png 768w, https:\/\/tribulossi.cat\/wp-content\/uploads\/2023\/12\/taca-gris-225x300.png 225w, https:\/\/tribulossi.cat\/wp-content\/uploads\/2023\/12\/taca-gris.png 810w\" sizes=\"(max-width: 768px) 100vw, 768px\" \/>\t\t\t\t\t\t\t\t\t\t\t\t\t\t\t<\/div>\n\t\t\t\t<\/div>\n\t\t\t\t<\/div>\n\t\t<div class=\"elementor-element elementor-element-8b6e483 e-con-full e-flex e-con e-child\" data-id=\"8b6e483\" data-element_type=\"container\">\n\t\t\t\t<div class=\"elementor-element elementor-element-8b7b3e1 elementor-widget elementor-widget-heading\" data-id=\"8b7b3e1\" data-element_type=\"widget\" data-widget_type=\"heading.default\">\n\t\t\t\t<div class=\"elementor-widget-container\">\n\t\t\t\t\t<h2 class=\"elementor-heading-title elementor-size-default\">\u00bfPor qu\u00e9 la Poes\u00eda?<\/h2>\t\t\t\t<\/div>\n\t\t\t\t<\/div>\n\t\t\t\t<div class=\"elementor-element elementor-element-c15923d elementor-widget elementor-widget-text-editor\" data-id=\"c15923d\" data-element_type=\"widget\" data-widget_type=\"text-editor.default\">\n\t\t\t\t<div class=\"elementor-widget-container\">\n\t\t\t\t\t\t\t\t\t<p>No es banal que hayamos escogido este g\u00e9nero literario para hacer de hilo conductor de nuestro proyecto, ya que el territorio del Pallars Juss\u00e0 cuenta hist\u00f3ricamente con un elenco de poetas y poetisas importante, aparte de que hay un recorrido largo en el intento de llegar a un p\u00fablico amante de este g\u00e9nero.<\/p><p>En Tremp y en el Pallars se celebran varios actos donde la poes\u00eda es la protagonista. Hace m\u00e1s de 6 a\u00f1os que el ciclo Nits a la Fresca ofrece un espect\u00e1culo po\u00e9tico en su programaci\u00f3n; m\u00e1s de 10 a\u00f1os que se celebra el D\u00eda Mundial de la Poes\u00eda; rutas po\u00e9ticas siguiendo la huella de autores locales; fusi\u00f3n de poes\u00eda y danza con las actividades de Balla&#8217;m un libro; exposiciones de poetas locales; propuestas de privados que unen la poes\u00eda, la m\u00fasica y el arte pl\u00e1stica; etc.<\/p><p>La poes\u00eda es nuestra excusa para crear un evento cultural que quiere favorecer el intercambio entre personas que provienen de un entorno urbano (p\u00fablico y artistas) y personas que conviven en un entorno rural (p\u00fablico local y artistas locales), en la vez que fomentamos la cohesi\u00f3n territorial y el desarrollo econ\u00f3mico de la zona.<\/p>\t\t\t\t\t\t\t\t<\/div>\n\t\t\t\t<\/div>\n\t\t\t\t<\/div>\n\t\t\t\t\t<\/div>\n\t\t\t\t<\/div>\n\t\t\t\t<\/div>\n\t\t","protected":false},"excerpt":{"rendered":"<p>Tribulossi Tribulossi es una palabra pallaresa o pirenaica que significa descalabro; revuelo de ruido y gritos, alboroto, tribulaci\u00f3n o ruido causados \u200b\u200bpor el exceso de gente, de movimiento, etc. Y [&hellip;]<\/p>\n","protected":false},"author":1,"featured_media":0,"parent":0,"menu_order":0,"comment_status":"closed","ping_status":"closed","template":"elementor_header_footer","meta":{"_acf_changed":false,"footnotes":""},"class_list":["post-752","page","type-page","status-publish","hentry"],"acf":[],"yoast_head":"<!-- This site is optimized with the Yoast SEO plugin v24.5 - https:\/\/yoast.com\/wordpress\/plugins\/seo\/ -->\n<title>Presentaci\u00f3n - Festival Tribulossi<\/title>\n<meta name=\"description\" content=\"Tribulossi utiliza la poes\u00eda como veh\u00edculo conductor de todas aquellas manifestaciones art\u00edsticas que pueden ser inspiradoras.\" \/>\n<meta name=\"robots\" content=\"index, follow, max-snippet:-1, max-image-preview:large, max-video-preview:-1\" \/>\n<link rel=\"canonical\" href=\"https:\/\/tribulossi.cat\/es\/\" \/>\n<meta property=\"og:locale\" content=\"es_ES\" \/>\n<meta property=\"og:type\" content=\"article\" \/>\n<meta property=\"og:title\" content=\"Presentaci\u00f3n - Festival Tribulossi\" \/>\n<meta property=\"og:description\" content=\"Tribulossi utiliza la poes\u00eda como veh\u00edculo conductor de todas aquellas manifestaciones art\u00edsticas que pueden ser inspiradoras.\" \/>\n<meta property=\"og:url\" content=\"https:\/\/tribulossi.cat\/es\/\" \/>\n<meta property=\"og:site_name\" content=\"Festival Tribulossi\" \/>\n<meta property=\"article:modified_time\" content=\"2025-02-26T16:20:56+00:00\" \/>\n<meta property=\"og:image\" content=\"https:\/\/tribulossi.cat\/wp-content\/uploads\/2023\/12\/taca-vemella.png\" \/>\n\t<meta property=\"og:image:width\" content=\"486\" \/>\n\t<meta property=\"og:image:height\" content=\"648\" \/>\n\t<meta property=\"og:image:type\" content=\"image\/png\" \/>\n<meta name=\"twitter:card\" content=\"summary_large_image\" \/>\n<meta name=\"twitter:label1\" content=\"Tiempo de lectura\" \/>\n\t<meta name=\"twitter:data1\" content=\"2 minutos\" \/>\n<script type=\"application\/ld+json\" class=\"yoast-schema-graph\">{\"@context\":\"https:\/\/schema.org\",\"@graph\":[{\"@type\":\"WebPage\",\"@id\":\"https:\/\/tribulossi.cat\/es\/\",\"url\":\"https:\/\/tribulossi.cat\/es\/\",\"name\":\"Presentaci\u00f3n - Festival Tribulossi\",\"isPartOf\":{\"@id\":\"https:\/\/tribulossi.cat\/es\/#website\"},\"primaryImageOfPage\":{\"@id\":\"https:\/\/tribulossi.cat\/es\/#primaryimage\"},\"image\":{\"@id\":\"https:\/\/tribulossi.cat\/es\/#primaryimage\"},\"thumbnailUrl\":\"https:\/\/tribulossi.cat\/wp-content\/uploads\/2023\/12\/taca-vemella.png\",\"datePublished\":\"2023-11-28T06:37:53+00:00\",\"dateModified\":\"2025-02-26T16:20:56+00:00\",\"description\":\"Tribulossi utiliza la poes\u00eda como veh\u00edculo conductor de todas aquellas manifestaciones art\u00edsticas que pueden ser inspiradoras.\",\"breadcrumb\":{\"@id\":\"https:\/\/tribulossi.cat\/es\/#breadcrumb\"},\"inLanguage\":\"es\",\"potentialAction\":[{\"@type\":\"ReadAction\",\"target\":[\"https:\/\/tribulossi.cat\/es\/\"]}]},{\"@type\":\"ImageObject\",\"inLanguage\":\"es\",\"@id\":\"https:\/\/tribulossi.cat\/es\/#primaryimage\",\"url\":\"https:\/\/tribulossi.cat\/wp-content\/uploads\/2023\/12\/taca-vemella.png\",\"contentUrl\":\"https:\/\/tribulossi.cat\/wp-content\/uploads\/2023\/12\/taca-vemella.png\"},{\"@type\":\"BreadcrumbList\",\"@id\":\"https:\/\/tribulossi.cat\/es\/#breadcrumb\",\"itemListElement\":[{\"@type\":\"ListItem\",\"position\":1,\"name\":\"Inici\",\"item\":\"https:\/\/tribulossi.cat\/es\/presentacion\/\"},{\"@type\":\"ListItem\",\"position\":2,\"name\":\"Presentaci\u00f3n\"}]},{\"@type\":\"WebSite\",\"@id\":\"https:\/\/tribulossi.cat\/es\/#website\",\"url\":\"https:\/\/tribulossi.cat\/es\/\",\"name\":\"Festival Tribulossi\",\"description\":\"Festival po\u00e8tic de les arts\",\"publisher\":{\"@id\":\"https:\/\/tribulossi.cat\/es\/#organization\"},\"potentialAction\":[{\"@type\":\"SearchAction\",\"target\":{\"@type\":\"EntryPoint\",\"urlTemplate\":\"https:\/\/tribulossi.cat\/es\/?s={search_term_string}\"},\"query-input\":{\"@type\":\"PropertyValueSpecification\",\"valueRequired\":true,\"valueName\":\"search_term_string\"}}],\"inLanguage\":\"es\"},{\"@type\":\"Organization\",\"@id\":\"https:\/\/tribulossi.cat\/es\/#organization\",\"name\":\"Festival Tribulossi\",\"url\":\"https:\/\/tribulossi.cat\/es\/\",\"logo\":{\"@type\":\"ImageObject\",\"inLanguage\":\"es\",\"@id\":\"https:\/\/tribulossi.cat\/es\/#\/schema\/logo\/image\/\",\"url\":\"https:\/\/tribulossi.cat\/wp-content\/uploads\/2023\/11\/logo-tribulossi.svg\",\"contentUrl\":\"https:\/\/tribulossi.cat\/wp-content\/uploads\/2023\/11\/logo-tribulossi.svg\",\"caption\":\"Festival Tribulossi\"},\"image\":{\"@id\":\"https:\/\/tribulossi.cat\/es\/#\/schema\/logo\/image\/\"}}]}<\/script>\n<!-- \/ Yoast SEO plugin. -->","yoast_head_json":{"title":"Presentaci\u00f3n - Festival Tribulossi","description":"Tribulossi utiliza la poes\u00eda como veh\u00edculo conductor de todas aquellas manifestaciones art\u00edsticas que pueden ser inspiradoras.","robots":{"index":"index","follow":"follow","max-snippet":"max-snippet:-1","max-image-preview":"max-image-preview:large","max-video-preview":"max-video-preview:-1"},"canonical":"https:\/\/tribulossi.cat\/es\/","og_locale":"es_ES","og_type":"article","og_title":"Presentaci\u00f3n - Festival Tribulossi","og_description":"Tribulossi utiliza la poes\u00eda como veh\u00edculo conductor de todas aquellas manifestaciones art\u00edsticas que pueden ser inspiradoras.","og_url":"https:\/\/tribulossi.cat\/es\/","og_site_name":"Festival Tribulossi","article_modified_time":"2025-02-26T16:20:56+00:00","og_image":[{"width":486,"height":648,"url":"https:\/\/tribulossi.cat\/wp-content\/uploads\/2023\/12\/taca-vemella.png","type":"image\/png"}],"twitter_card":"summary_large_image","twitter_misc":{"Tiempo de lectura":"2 minutos"},"schema":{"@context":"https:\/\/schema.org","@graph":[{"@type":"WebPage","@id":"https:\/\/tribulossi.cat\/es\/","url":"https:\/\/tribulossi.cat\/es\/","name":"Presentaci\u00f3n - Festival Tribulossi","isPartOf":{"@id":"https:\/\/tribulossi.cat\/es\/#website"},"primaryImageOfPage":{"@id":"https:\/\/tribulossi.cat\/es\/#primaryimage"},"image":{"@id":"https:\/\/tribulossi.cat\/es\/#primaryimage"},"thumbnailUrl":"https:\/\/tribulossi.cat\/wp-content\/uploads\/2023\/12\/taca-vemella.png","datePublished":"2023-11-28T06:37:53+00:00","dateModified":"2025-02-26T16:20:56+00:00","description":"Tribulossi utiliza la poes\u00eda como veh\u00edculo conductor de todas aquellas manifestaciones art\u00edsticas que pueden ser inspiradoras.","breadcrumb":{"@id":"https:\/\/tribulossi.cat\/es\/#breadcrumb"},"inLanguage":"es","potentialAction":[{"@type":"ReadAction","target":["https:\/\/tribulossi.cat\/es\/"]}]},{"@type":"ImageObject","inLanguage":"es","@id":"https:\/\/tribulossi.cat\/es\/#primaryimage","url":"https:\/\/tribulossi.cat\/wp-content\/uploads\/2023\/12\/taca-vemella.png","contentUrl":"https:\/\/tribulossi.cat\/wp-content\/uploads\/2023\/12\/taca-vemella.png"},{"@type":"BreadcrumbList","@id":"https:\/\/tribulossi.cat\/es\/#breadcrumb","itemListElement":[{"@type":"ListItem","position":1,"name":"Inici","item":"https:\/\/tribulossi.cat\/es\/presentacion\/"},{"@type":"ListItem","position":2,"name":"Presentaci\u00f3n"}]},{"@type":"WebSite","@id":"https:\/\/tribulossi.cat\/es\/#website","url":"https:\/\/tribulossi.cat\/es\/","name":"Festival Tribulossi","description":"Festival po\u00e8tic de les arts","publisher":{"@id":"https:\/\/tribulossi.cat\/es\/#organization"},"potentialAction":[{"@type":"SearchAction","target":{"@type":"EntryPoint","urlTemplate":"https:\/\/tribulossi.cat\/es\/?s={search_term_string}"},"query-input":{"@type":"PropertyValueSpecification","valueRequired":true,"valueName":"search_term_string"}}],"inLanguage":"es"},{"@type":"Organization","@id":"https:\/\/tribulossi.cat\/es\/#organization","name":"Festival Tribulossi","url":"https:\/\/tribulossi.cat\/es\/","logo":{"@type":"ImageObject","inLanguage":"es","@id":"https:\/\/tribulossi.cat\/es\/#\/schema\/logo\/image\/","url":"https:\/\/tribulossi.cat\/wp-content\/uploads\/2023\/11\/logo-tribulossi.svg","contentUrl":"https:\/\/tribulossi.cat\/wp-content\/uploads\/2023\/11\/logo-tribulossi.svg","caption":"Festival Tribulossi"},"image":{"@id":"https:\/\/tribulossi.cat\/es\/#\/schema\/logo\/image\/"}}]}},"_links":{"self":[{"href":"https:\/\/tribulossi.cat\/es\/wp-json\/wp\/v2\/pages\/752","targetHints":{"allow":["GET"]}}],"collection":[{"href":"https:\/\/tribulossi.cat\/es\/wp-json\/wp\/v2\/pages"}],"about":[{"href":"https:\/\/tribulossi.cat\/es\/wp-json\/wp\/v2\/types\/page"}],"author":[{"embeddable":true,"href":"https:\/\/tribulossi.cat\/es\/wp-json\/wp\/v2\/users\/1"}],"replies":[{"embeddable":true,"href":"https:\/\/tribulossi.cat\/es\/wp-json\/wp\/v2\/comments?post=752"}],"version-history":[{"count":2,"href":"https:\/\/tribulossi.cat\/es\/wp-json\/wp\/v2\/pages\/752\/revisions"}],"predecessor-version":[{"id":1069,"href":"https:\/\/tribulossi.cat\/es\/wp-json\/wp\/v2\/pages\/752\/revisions\/1069"}],"wp:attachment":[{"href":"https:\/\/tribulossi.cat\/es\/wp-json\/wp\/v2\/media?parent=752"}],"curies":[{"name":"wp","href":"https:\/\/api.w.org\/{rel}","templated":true}]}}