{"id":916,"date":"2024-05-06T17:49:24","date_gmt":"2024-05-06T15:49:24","guid":{"rendered":"https:\/\/tribulossi.cat\/el-trofeo\/trofeo-2023\/"},"modified":"2025-02-26T17:20:16","modified_gmt":"2025-02-26T16:20:16","slug":"trofeo-2023","status":"publish","type":"page","link":"https:\/\/tribulossi.cat\/es\/el-trofeo\/trofeo-2023\/","title":{"rendered":"Trofeo 2023"},"content":{"rendered":"\t\t<div data-elementor-type=\"wp-page\" data-elementor-id=\"916\" class=\"elementor elementor-916 elementor-892\" data-elementor-post-type=\"page\">\n\t\t\t\t<div class=\"elementor-element elementor-element-4f1cb9b e-flex e-con-boxed e-con e-parent\" data-id=\"4f1cb9b\" data-element_type=\"container\">\n\t\t\t\t\t<div class=\"e-con-inner\">\n\t\t<div class=\"elementor-element elementor-element-8b57519 e-con-full e-flex e-con e-child\" data-id=\"8b57519\" data-element_type=\"container\">\n\t\t\t\t<div class=\"elementor-element elementor-element-42aa13f elementor-widget elementor-widget-text-editor\" data-id=\"42aa13f\" data-element_type=\"widget\" data-widget_type=\"text-editor.default\">\n\t\t\t\t<div class=\"elementor-widget-container\">\n\t\t\t\t\t\t\t\t\t<p>La T de la primera edici\u00f3n es obra de la ceramista y dise\u00f1adora gr\u00e1fica Andrea Vives, alma mater del espacio art\u00edstico El Cau del Art y creadora de la marca Santolina.<\/p><p>Santolina define su obra:<\/p><p><em>Este Trofeo simboliza la letra \u00abT\u00bb de Tribulossi.<\/em><\/p><p><em>La parte central es una estructura s\u00f3lida, pero a la vez vac\u00eda, atravesada por formas org\u00e1nicas que representan las ideas, conceptos desdibujados.<\/em><\/p><p><em>La estructura sostiene una hoja enlazada a trav\u00e9s de un hilo de cobre. Simboliza el momento en el que hilamos la idea, la hacemos nuestra.<\/em><\/p><p><em>En conjunto, podemos apreciar un cambio de lenguaje, de formas contrastadas y que confluyen en una misma pieza para expresar un momento creativo.<\/em><\/p><p><em>Materiales: Barro refrectario de alta temperatura y esmaltes propios. Soporte de madera de pino tratado con cera de abeja. Inscripci\u00f3n pirogravada<\/em><\/p>\t\t\t\t\t\t\t\t<\/div>\n\t\t\t\t<\/div>\n\t\t\t\t<\/div>\n\t\t<div class=\"elementor-element elementor-element-c8cdb16 e-con-full e-flex e-con e-child\" data-id=\"c8cdb16\" data-element_type=\"container\">\n\t\t\t\t<div class=\"elementor-element elementor-element-7e43937 elementor-widget elementor-widget-image\" data-id=\"7e43937\" data-element_type=\"widget\" data-widget_type=\"image.default\">\n\t\t\t\t<div class=\"elementor-widget-container\">\n\t\t\t\t\t\t\t\t\t\t\t\t\t\t\t<img decoding=\"async\" src=\"https:\/\/tribulossi.cat\/wp-content\/uploads\/elementor\/thumbs\/trofeu-2023-tribulossi-01-qgs9vryiu9q6k68pbqcxx5s5ajtx23wxoxvyber080.jpg\" title=\"trofeu 2023 tribulossi 01\" alt=\"trofeu 2023 tribulossi 01\" loading=\"lazy\" \/>\t\t\t\t\t\t\t\t\t\t\t\t\t\t\t<\/div>\n\t\t\t\t<\/div>\n\t\t\t\t<\/div>\n\t\t\t\t\t<\/div>\n\t\t\t\t<\/div>\n\t\t<div class=\"elementor-element elementor-element-c44e3c8 e-flex e-con-boxed e-con e-parent\" data-id=\"c44e3c8\" data-element_type=\"container\">\n\t\t\t\t\t<div class=\"e-con-inner\">\n\t\t<div class=\"elementor-element elementor-element-51c7469 e-con-full e-flex e-con e-child\" data-id=\"51c7469\" data-element_type=\"container\">\n\t\t\t\t<div class=\"elementor-element elementor-element-0bc5e1c elementor-widget elementor-widget-heading\" data-id=\"0bc5e1c\" data-element_type=\"widget\" data-widget_type=\"heading.default\">\n\t\t\t\t<div class=\"elementor-widget-container\">\n\t\t\t\t\t<h3 class=\"elementor-heading-title elementor-size-default\">Andrea Vives V\u00e1zquez<\/h3>\t\t\t\t<\/div>\n\t\t\t\t<\/div>\n\t\t\t\t<div class=\"elementor-element elementor-element-c52d152 elementor-widget elementor-widget-text-editor\" data-id=\"c52d152\" data-element_type=\"widget\" data-widget_type=\"text-editor.default\">\n\t\t\t\t<div class=\"elementor-widget-container\">\n\t\t\t\t\t\t\t\t\t<p>Andrea Vives V\u00e1zquez, tambi\u00e9n conocida en redes como @lasantolina, es ilustradora, dise\u00f1adora y ceramista. Ve\u00efna de la Pobleta de Bellve\u00ed se dedica a trabajar en proyectos vinculados al arte, en primera instancia ilustraci\u00f3n y dise\u00f1o gr\u00e1fico y desde hace unos a\u00f1os el trabajo de la cer\u00e1mica.<\/p><p>Licenciada en Publicidad, relaciones P\u00fablicas y Marketing cre\u00f3 su propia empresa de dise\u00f1o, Brimbac. Despu\u00e9s se form\u00f3 en la Escuela de cer\u00e1mica de La Bisbal y se convirti\u00f3 en artesana ceramista. Su esp\u00edritu emprendedor le ha llevado a gestionar El cau d&#8217;Art en la Pobla de Segur.<\/p><p>Andrea ha sido la creadora de la letra T del 1r Tribulossi.<\/p>\t\t\t\t\t\t\t\t<\/div>\n\t\t\t\t<\/div>\n\t\t\t\t<\/div>\n\t\t<div class=\"elementor-element elementor-element-c5fa53f e-con-full e-flex e-con e-child\" data-id=\"c5fa53f\" data-element_type=\"container\">\n\t\t\t\t<div class=\"elementor-element elementor-element-96339fe elementor-widget elementor-widget-image\" data-id=\"96339fe\" data-element_type=\"widget\" data-widget_type=\"image.default\">\n\t\t\t\t<div class=\"elementor-widget-container\">\n\t\t\t\t\t\t\t\t\t\t\t\t\t\t\t<img decoding=\"async\" src=\"https:\/\/tribulossi.cat\/wp-content\/uploads\/elementor\/thumbs\/andrea-vives-qnrovdjnl23kinuq9ynrnojv9tmu34nqlf9aqb240w.jpg\" title=\"andrea vives\" alt=\"andrea vives\" loading=\"lazy\" \/>\t\t\t\t\t\t\t\t\t\t\t\t\t\t\t<\/div>\n\t\t\t\t<\/div>\n\t\t\t\t<\/div>\n\t\t\t\t\t<\/div>\n\t\t\t\t<\/div>\n\t\t\t\t<\/div>\n\t\t","protected":false},"excerpt":{"rendered":"<p>La T de la primera edici\u00f3n es obra de la ceramista y dise\u00f1adora gr\u00e1fica Andrea Vives, alma mater del espacio art\u00edstico El Cau del Art y creadora de la marca [&hellip;]<\/p>\n","protected":false},"author":1,"featured_media":0,"parent":744,"menu_order":0,"comment_status":"closed","ping_status":"closed","template":"","meta":{"_acf_changed":false,"footnotes":""},"class_list":["post-916","page","type-page","status-publish","hentry"],"acf":[],"yoast_head":"<!-- This site is optimized with the Yoast SEO plugin v24.5 - https:\/\/yoast.com\/wordpress\/plugins\/seo\/ -->\n<title>Trofeo 2023 - Festival Tribulossi<\/title>\n<meta name=\"description\" content=\"La T de la primera edici\u00f3n es obra de la ceramista y dise\u00f1adora gr\u00e1fica Andrea Vives, alma mater del espacio art\u00edstico El Cau del Art y creadora de la\" \/>\n<meta name=\"robots\" content=\"index, follow, max-snippet:-1, max-image-preview:large, max-video-preview:-1\" \/>\n<link rel=\"canonical\" href=\"https:\/\/tribulossi.cat\/es\/el-trofeo\/trofeo-2023\/\" \/>\n<meta property=\"og:locale\" content=\"es_ES\" \/>\n<meta property=\"og:type\" content=\"article\" \/>\n<meta property=\"og:title\" content=\"Trofeo 2023 - Festival Tribulossi\" \/>\n<meta property=\"og:description\" content=\"La T de la primera edici\u00f3n es obra de la ceramista y dise\u00f1adora gr\u00e1fica Andrea Vives, alma mater del espacio art\u00edstico El Cau del Art y creadora de la\" \/>\n<meta property=\"og:url\" content=\"https:\/\/tribulossi.cat\/es\/el-trofeo\/trofeo-2023\/\" \/>\n<meta property=\"og:site_name\" content=\"Festival Tribulossi\" \/>\n<meta property=\"article:modified_time\" content=\"2025-02-26T16:20:16+00:00\" \/>\n<meta property=\"og:image\" content=\"https:\/\/tribulossi.cat\/wp-content\/uploads\/elementor\/thumbs\/trofeu-2023-tribulossi-01-qgs9vryiu9q6k68pbqcxx5s5ajtx23wxoxvyber080.jpg\" \/>\n<meta name=\"twitter:card\" content=\"summary_large_image\" \/>\n<meta name=\"twitter:label1\" content=\"Tiempo de lectura\" \/>\n\t<meta name=\"twitter:data1\" content=\"1 minuto\" \/>\n<script type=\"application\/ld+json\" class=\"yoast-schema-graph\">{\"@context\":\"https:\/\/schema.org\",\"@graph\":[{\"@type\":\"WebPage\",\"@id\":\"https:\/\/tribulossi.cat\/es\/el-trofeo\/trofeo-2023\/\",\"url\":\"https:\/\/tribulossi.cat\/es\/el-trofeo\/trofeo-2023\/\",\"name\":\"Trofeo 2023 - Festival Tribulossi\",\"isPartOf\":{\"@id\":\"https:\/\/tribulossi.cat\/es\/#website\"},\"primaryImageOfPage\":{\"@id\":\"https:\/\/tribulossi.cat\/es\/el-trofeo\/trofeo-2023\/#primaryimage\"},\"image\":{\"@id\":\"https:\/\/tribulossi.cat\/es\/el-trofeo\/trofeo-2023\/#primaryimage\"},\"thumbnailUrl\":\"https:\/\/tribulossi.cat\/wp-content\/uploads\/elementor\/thumbs\/trofeu-2023-tribulossi-01-qgs9vryiu9q6k68pbqcxx5s5ajtx23wxoxvyber080.jpg\",\"datePublished\":\"2024-05-06T15:49:24+00:00\",\"dateModified\":\"2025-02-26T16:20:16+00:00\",\"description\":\"La T de la primera edici\u00f3n es obra de la ceramista y dise\u00f1adora gr\u00e1fica Andrea Vives, alma mater del espacio art\u00edstico El Cau del Art y creadora de la\",\"breadcrumb\":{\"@id\":\"https:\/\/tribulossi.cat\/es\/el-trofeo\/trofeo-2023\/#breadcrumb\"},\"inLanguage\":\"es\",\"potentialAction\":[{\"@type\":\"ReadAction\",\"target\":[\"https:\/\/tribulossi.cat\/es\/el-trofeo\/trofeo-2023\/\"]}]},{\"@type\":\"ImageObject\",\"inLanguage\":\"es\",\"@id\":\"https:\/\/tribulossi.cat\/es\/el-trofeo\/trofeo-2023\/#primaryimage\",\"url\":\"https:\/\/tribulossi.cat\/wp-content\/uploads\/elementor\/thumbs\/trofeu-2023-tribulossi-01-qgs9vryiu9q6k68pbqcxx5s5ajtx23wxoxvyber080.jpg\",\"contentUrl\":\"https:\/\/tribulossi.cat\/wp-content\/uploads\/elementor\/thumbs\/trofeu-2023-tribulossi-01-qgs9vryiu9q6k68pbqcxx5s5ajtx23wxoxvyber080.jpg\"},{\"@type\":\"BreadcrumbList\",\"@id\":\"https:\/\/tribulossi.cat\/es\/el-trofeo\/trofeo-2023\/#breadcrumb\",\"itemListElement\":[{\"@type\":\"ListItem\",\"position\":1,\"name\":\"Inici\",\"item\":\"https:\/\/tribulossi.cat\/es\/presentacion\/\"},{\"@type\":\"ListItem\",\"position\":2,\"name\":\"El trofeo\",\"item\":\"https:\/\/tribulossi.cat\/es\/el-trofeo\/\"},{\"@type\":\"ListItem\",\"position\":3,\"name\":\"Trofeo 2023\"}]},{\"@type\":\"WebSite\",\"@id\":\"https:\/\/tribulossi.cat\/es\/#website\",\"url\":\"https:\/\/tribulossi.cat\/es\/\",\"name\":\"Festival Tribulossi\",\"description\":\"Festival po\u00e8tic de les arts\",\"publisher\":{\"@id\":\"https:\/\/tribulossi.cat\/es\/#organization\"},\"potentialAction\":[{\"@type\":\"SearchAction\",\"target\":{\"@type\":\"EntryPoint\",\"urlTemplate\":\"https:\/\/tribulossi.cat\/es\/?s={search_term_string}\"},\"query-input\":{\"@type\":\"PropertyValueSpecification\",\"valueRequired\":true,\"valueName\":\"search_term_string\"}}],\"inLanguage\":\"es\"},{\"@type\":\"Organization\",\"@id\":\"https:\/\/tribulossi.cat\/es\/#organization\",\"name\":\"Festival Tribulossi\",\"url\":\"https:\/\/tribulossi.cat\/es\/\",\"logo\":{\"@type\":\"ImageObject\",\"inLanguage\":\"es\",\"@id\":\"https:\/\/tribulossi.cat\/es\/#\/schema\/logo\/image\/\",\"url\":\"https:\/\/tribulossi.cat\/wp-content\/uploads\/2023\/11\/logo-tribulossi.svg\",\"contentUrl\":\"https:\/\/tribulossi.cat\/wp-content\/uploads\/2023\/11\/logo-tribulossi.svg\",\"caption\":\"Festival Tribulossi\"},\"image\":{\"@id\":\"https:\/\/tribulossi.cat\/es\/#\/schema\/logo\/image\/\"}}]}<\/script>\n<!-- \/ Yoast SEO plugin. -->","yoast_head_json":{"title":"Trofeo 2023 - Festival Tribulossi","description":"La T de la primera edici\u00f3n es obra de la ceramista y dise\u00f1adora gr\u00e1fica Andrea Vives, alma mater del espacio art\u00edstico El Cau del Art y creadora de la","robots":{"index":"index","follow":"follow","max-snippet":"max-snippet:-1","max-image-preview":"max-image-preview:large","max-video-preview":"max-video-preview:-1"},"canonical":"https:\/\/tribulossi.cat\/es\/el-trofeo\/trofeo-2023\/","og_locale":"es_ES","og_type":"article","og_title":"Trofeo 2023 - Festival Tribulossi","og_description":"La T de la primera edici\u00f3n es obra de la ceramista y dise\u00f1adora gr\u00e1fica Andrea Vives, alma mater del espacio art\u00edstico El Cau del Art y creadora de la","og_url":"https:\/\/tribulossi.cat\/es\/el-trofeo\/trofeo-2023\/","og_site_name":"Festival Tribulossi","article_modified_time":"2025-02-26T16:20:16+00:00","og_image":[{"url":"https:\/\/tribulossi.cat\/wp-content\/uploads\/elementor\/thumbs\/trofeu-2023-tribulossi-01-qgs9vryiu9q6k68pbqcxx5s5ajtx23wxoxvyber080.jpg","type":"","width":"","height":""}],"twitter_card":"summary_large_image","twitter_misc":{"Tiempo de lectura":"1 minuto"},"schema":{"@context":"https:\/\/schema.org","@graph":[{"@type":"WebPage","@id":"https:\/\/tribulossi.cat\/es\/el-trofeo\/trofeo-2023\/","url":"https:\/\/tribulossi.cat\/es\/el-trofeo\/trofeo-2023\/","name":"Trofeo 2023 - Festival Tribulossi","isPartOf":{"@id":"https:\/\/tribulossi.cat\/es\/#website"},"primaryImageOfPage":{"@id":"https:\/\/tribulossi.cat\/es\/el-trofeo\/trofeo-2023\/#primaryimage"},"image":{"@id":"https:\/\/tribulossi.cat\/es\/el-trofeo\/trofeo-2023\/#primaryimage"},"thumbnailUrl":"https:\/\/tribulossi.cat\/wp-content\/uploads\/elementor\/thumbs\/trofeu-2023-tribulossi-01-qgs9vryiu9q6k68pbqcxx5s5ajtx23wxoxvyber080.jpg","datePublished":"2024-05-06T15:49:24+00:00","dateModified":"2025-02-26T16:20:16+00:00","description":"La T de la primera edici\u00f3n es obra de la ceramista y dise\u00f1adora gr\u00e1fica Andrea Vives, alma mater del espacio art\u00edstico El Cau del Art y creadora de la","breadcrumb":{"@id":"https:\/\/tribulossi.cat\/es\/el-trofeo\/trofeo-2023\/#breadcrumb"},"inLanguage":"es","potentialAction":[{"@type":"ReadAction","target":["https:\/\/tribulossi.cat\/es\/el-trofeo\/trofeo-2023\/"]}]},{"@type":"ImageObject","inLanguage":"es","@id":"https:\/\/tribulossi.cat\/es\/el-trofeo\/trofeo-2023\/#primaryimage","url":"https:\/\/tribulossi.cat\/wp-content\/uploads\/elementor\/thumbs\/trofeu-2023-tribulossi-01-qgs9vryiu9q6k68pbqcxx5s5ajtx23wxoxvyber080.jpg","contentUrl":"https:\/\/tribulossi.cat\/wp-content\/uploads\/elementor\/thumbs\/trofeu-2023-tribulossi-01-qgs9vryiu9q6k68pbqcxx5s5ajtx23wxoxvyber080.jpg"},{"@type":"BreadcrumbList","@id":"https:\/\/tribulossi.cat\/es\/el-trofeo\/trofeo-2023\/#breadcrumb","itemListElement":[{"@type":"ListItem","position":1,"name":"Inici","item":"https:\/\/tribulossi.cat\/es\/presentacion\/"},{"@type":"ListItem","position":2,"name":"El trofeo","item":"https:\/\/tribulossi.cat\/es\/el-trofeo\/"},{"@type":"ListItem","position":3,"name":"Trofeo 2023"}]},{"@type":"WebSite","@id":"https:\/\/tribulossi.cat\/es\/#website","url":"https:\/\/tribulossi.cat\/es\/","name":"Festival Tribulossi","description":"Festival po\u00e8tic de les arts","publisher":{"@id":"https:\/\/tribulossi.cat\/es\/#organization"},"potentialAction":[{"@type":"SearchAction","target":{"@type":"EntryPoint","urlTemplate":"https:\/\/tribulossi.cat\/es\/?s={search_term_string}"},"query-input":{"@type":"PropertyValueSpecification","valueRequired":true,"valueName":"search_term_string"}}],"inLanguage":"es"},{"@type":"Organization","@id":"https:\/\/tribulossi.cat\/es\/#organization","name":"Festival Tribulossi","url":"https:\/\/tribulossi.cat\/es\/","logo":{"@type":"ImageObject","inLanguage":"es","@id":"https:\/\/tribulossi.cat\/es\/#\/schema\/logo\/image\/","url":"https:\/\/tribulossi.cat\/wp-content\/uploads\/2023\/11\/logo-tribulossi.svg","contentUrl":"https:\/\/tribulossi.cat\/wp-content\/uploads\/2023\/11\/logo-tribulossi.svg","caption":"Festival Tribulossi"},"image":{"@id":"https:\/\/tribulossi.cat\/es\/#\/schema\/logo\/image\/"}}]}},"_links":{"self":[{"href":"https:\/\/tribulossi.cat\/es\/wp-json\/wp\/v2\/pages\/916","targetHints":{"allow":["GET"]}}],"collection":[{"href":"https:\/\/tribulossi.cat\/es\/wp-json\/wp\/v2\/pages"}],"about":[{"href":"https:\/\/tribulossi.cat\/es\/wp-json\/wp\/v2\/types\/page"}],"author":[{"embeddable":true,"href":"https:\/\/tribulossi.cat\/es\/wp-json\/wp\/v2\/users\/1"}],"replies":[{"embeddable":true,"href":"https:\/\/tribulossi.cat\/es\/wp-json\/wp\/v2\/comments?post=916"}],"version-history":[{"count":4,"href":"https:\/\/tribulossi.cat\/es\/wp-json\/wp\/v2\/pages\/916\/revisions"}],"predecessor-version":[{"id":1068,"href":"https:\/\/tribulossi.cat\/es\/wp-json\/wp\/v2\/pages\/916\/revisions\/1068"}],"up":[{"embeddable":true,"href":"https:\/\/tribulossi.cat\/es\/wp-json\/wp\/v2\/pages\/744"}],"wp:attachment":[{"href":"https:\/\/tribulossi.cat\/es\/wp-json\/wp\/v2\/media?parent=916"}],"curies":[{"name":"wp","href":"https:\/\/api.w.org\/{rel}","templated":true}]}}