{"id":920,"date":"2024-05-06T17:31:23","date_gmt":"2024-05-06T15:31:23","guid":{"rendered":"https:\/\/tribulossi.cat\/poetas-homenajeados\/benet-rossell-edicion-2024\/"},"modified":"2025-02-26T17:22:03","modified_gmt":"2025-02-26T16:22:03","slug":"benet-rossell-edicion-2024","status":"publish","type":"page","link":"https:\/\/tribulossi.cat\/es\/poetas-homenajeados\/benet-rossell-edicion-2024\/","title":{"rendered":"Benet Rossell (Edici\u00f3n 2024)"},"content":{"rendered":"\t\t<div data-elementor-type=\"wp-page\" data-elementor-id=\"920\" class=\"elementor elementor-920 elementor-860\" data-elementor-post-type=\"page\">\n\t\t\t\t<div class=\"elementor-element elementor-element-375cc131 e-flex e-con-boxed e-con e-parent\" data-id=\"375cc131\" data-element_type=\"container\">\n\t\t\t\t\t<div class=\"e-con-inner\">\n\t\t\t\t<div class=\"elementor-element elementor-element-2fc15403 elementor-widget elementor-widget-heading\" data-id=\"2fc15403\" data-element_type=\"widget\" data-widget_type=\"heading.default\">\n\t\t\t\t<div class=\"elementor-widget-container\">\n\t\t\t\t\t<h2 class=\"elementor-heading-title elementor-size-default\">Benet Rossell Sanuy, poeta, escritor, escultor, ilustrador, m\u00fasico, cineasta... en definitiva artista, nace en \u00c0ger, en la Noguera, en 1937.<\/h2>\t\t\t\t<\/div>\n\t\t\t\t<\/div>\n\t\t\t\t<div class=\"elementor-element elementor-element-72e9b4a elementor-widget elementor-widget-text-editor\" data-id=\"72e9b4a\" data-element_type=\"widget\" data-widget_type=\"text-editor.default\">\n\t\t\t\t<div class=\"elementor-widget-container\">\n\t\t\t\t\t\t\t\t\t<p>Una vez finaliz\u00f3 sus estudios universitarios de derecho (1956), ciencias econ\u00f3micas (1958) y sociolog\u00eda (1962), Rossell se diplom\u00f3 en teatro en 1964 por la Universit\u00e9 Internationale du Th\u00e9\u00e2tre de Par\u00eds, ciudad donde se instal\u00f3 por estudiar cine en el Comit\u00e9 du Film Ethnographique. Fue en Par\u00eds donde realiz\u00f3 sus primeros trabajos de cinematograf\u00eda experimental.<\/p><p>Entre 1967 y 1968, Rossell viaj\u00f3 por la India y Nepal, donde se reencontr\u00f3 con los artistas catalanes Antoni Miralda, Jaume Xifra y Joan Rabascall, con quienes sent\u00f3 las bases del arte conceptual catal\u00e1n y elabor\u00f3 montajes cinematogr\u00e1ficos sobre diversos eventos sociales que tuvieron lugar entre 1969 y 1973 (Moratoria para la guerra de Vietnam, 1969; Memorial, 1969; La fiesta en blanco, 1970). Sin embargo, durante este per\u00edodo no dej\u00f3 de lado el trabajo de las artes pl\u00e1sticas, sino que realiz\u00f3 dibujos autom\u00e1ticos (micrografismos), realizados con tinta china y de est\u00e9tica oriental. Algunos cr\u00edticos han llamado a estas obras antropogramas (Severo Sarduy) o benigraf\u00edas (Josep Miquel Garcia).<\/p><p>Durante los a\u00f1os 70, Rossell intensific\u00f3 su actividad como cineasta y se interes\u00f3 por la t\u00e9cnica videogr\u00e1fica, realizando instalaciones de v\u00eddeo y colaboraciones con otros artistas, como Antoni Muntadas, con quien realiz\u00f3 el proyecto Rambla 24 horas (1981) en la Fundaci\u00f3n Mir\u00f3 de Barcelona.<\/p><p>Por lo que respecta a su obra pl\u00e1stica, \u00e9sta se caracteriza por la neutralidad gestual y caligr\u00e1fica, en una voluntad de unir mediterranismo y orientalismo; el gesto y la pintura; la escritura y el dibujo; el azar y el m\u00e9todo; la concreci\u00f3n y la abstracci\u00f3n.<\/p><p>Benet Rossell tambi\u00e9n se sinti\u00f3 atra\u00eddo por la poes\u00eda y no s\u00f3lo dirigi\u00f3 su arte hacia esta disciplina, sino que su aportaci\u00f3n fue en consonancia con el resto de su universo art\u00edstico. En palabras del propio Benito, La condici\u00f3n irrenunciable de un poeta es la libertad de su escritura. Traicionarla supone ponerse en el cuello el dogal de una abrumadora renuncia: la renuncia a ser un escritor para mudar en escribiente. \u00bfPor qu\u00e9 hacer el esfuerzo de escribir lo que no quieres escribir? el oficio del poeta es una cuesti\u00f3n de persistencia y fidelidad en sus propias creencias. En este campo ha colaborado con numerosos escritores, entre ellos Vicente. G.Lascault, M.V\u00e1zquez Montalb\u00e1n, Carlos.M.Sanuy, etc<\/p><p>En los a\u00f1os 80 intercala Par\u00eds con largos per\u00edodos en Amsterdam y Nueva York, donde se relacion\u00f3 con movimientos de vanguardia, y se instala definitivamente a mediados de esa misma d\u00e9cada en Barcelona para seguir trabajando. En 1983 recupera su relaci\u00f3n con Lleida, y en 1986 recibe del Museo de Arte Jaume Morera el premio Medalla Morera, que galardona toda su trayectoria art\u00edstica.<\/p><p>Falleci\u00f3 el 21 de agosto de 2016 a ra\u00edz de las complicaciones derivadas de la Esclerosis Lateral Amiotr\u00f3fica.<\/p>\t\t\t\t\t\t\t\t<\/div>\n\t\t\t\t<\/div>\n\t\t\t\t<div class=\"elementor-element elementor-element-f110432 elementor-align-center elementor-widget elementor-widget-button\" data-id=\"f110432\" data-element_type=\"widget\" data-widget_type=\"button.default\">\n\t\t\t\t<div class=\"elementor-widget-container\">\n\t\t\t\t\t\t\t\t\t<div class=\"elementor-button-wrapper\">\n\t\t\t\t\t<a class=\"elementor-button elementor-button-link elementor-size-sm\" href=\"https:\/\/tribulossi.cat\/wp-content\/uploads\/benet-rossell-audio.mp3\" target=\"_blank\" rel=\"nofollow\">\n\t\t\t\t\t\t<span class=\"elementor-button-content-wrapper\">\n\t\t\t\t\t\t<span class=\"elementor-button-icon\">\n\t\t\t\t<svg aria-hidden=\"true\" class=\"e-font-icon-svg e-fas-file-audio\" viewBox=\"0 0 384 512\" xmlns=\"http:\/\/www.w3.org\/2000\/svg\"><path d=\"M224 136V0H24C10.7 0 0 10.7 0 24v464c0 13.3 10.7 24 24 24h336c13.3 0 24-10.7 24-24V160H248c-13.2 0-24-10.8-24-24zm-64 268c0 10.7-12.9 16-20.5 8.5L104 376H76c-6.6 0-12-5.4-12-12v-56c0-6.6 5.4-12 12-12h28l35.5-36.5c7.6-7.6 20.5-2.2 20.5 8.5v136zm33.2-47.6c9.1-9.3 9.1-24.1 0-33.4-22.1-22.8 12.2-56.2 34.4-33.5 27.2 27.9 27.2 72.4 0 100.4-21.8 22.3-56.9-10.4-34.4-33.5zm86-117.1c54.4 55.9 54.4 144.8 0 200.8-21.8 22.4-57-10.3-34.4-33.5 36.2-37.2 36.3-96.5 0-133.8-22.1-22.8 12.3-56.3 34.4-33.5zM384 121.9v6.1H256V0h6.1c6.4 0 12.5 2.5 17 7l97.9 98c4.5 4.5 7 10.6 7 16.9z\"><\/path><\/svg>\t\t\t<\/span>\n\t\t\t\t\t\t\t\t\t<span class=\"elementor-button-text\">Escuchar audio<\/span>\n\t\t\t\t\t<\/span>\n\t\t\t\t\t<\/a>\n\t\t\t\t<\/div>\n\t\t\t\t\t\t\t\t<\/div>\n\t\t\t\t<\/div>\n\t\t\t\t<div class=\"elementor-element elementor-element-8055e25 elementor-widget elementor-widget-gallery\" data-id=\"8055e25\" data-element_type=\"widget\" data-settings=\"{&quot;aspect_ratio&quot;:&quot;1:1&quot;,&quot;lazyload&quot;:&quot;yes&quot;,&quot;gallery_layout&quot;:&quot;grid&quot;,&quot;columns&quot;:4,&quot;columns_tablet&quot;:2,&quot;columns_mobile&quot;:1,&quot;gap&quot;:{&quot;unit&quot;:&quot;px&quot;,&quot;size&quot;:10,&quot;sizes&quot;:[]},&quot;gap_tablet&quot;:{&quot;unit&quot;:&quot;px&quot;,&quot;size&quot;:10,&quot;sizes&quot;:[]},&quot;gap_mobile&quot;:{&quot;unit&quot;:&quot;px&quot;,&quot;size&quot;:10,&quot;sizes&quot;:[]},&quot;link_to&quot;:&quot;file&quot;,&quot;overlay_background&quot;:&quot;yes&quot;,&quot;content_hover_animation&quot;:&quot;fade-in&quot;}\" data-widget_type=\"gallery.default\">\n\t\t\t\t<div class=\"elementor-widget-container\">\n\t\t\t\t\t\t\t<div class=\"elementor-gallery__container\">\n\t\t\t\t\t\t\t<a class=\"e-gallery-item elementor-gallery-item elementor-animated-content\" href=\"https:\/\/tribulossi.cat\/wp-content\/uploads\/2024\/05\/homenatgebenetrossell.jpg\" data-elementor-open-lightbox=\"yes\" data-elementor-lightbox-slideshow=\"8055e25\" data-elementor-lightbox-title=\"homenatgebenetrossell\" data-elementor-lightbox-description=\"Homenatge Benet\" data-e-action-hash=\"#elementor-action%3Aaction%3Dlightbox%26settings%3DeyJpZCI6OTQxLCJ1cmwiOiJodHRwczpcL1wvdHJpYnVsb3NzaS5jYXRcL3dwLWNvbnRlbnRcL3VwbG9hZHNcLzIwMjRcLzA1XC9ob21lbmF0Z2ViZW5ldHJvc3NlbGwuanBnIiwic2xpZGVzaG93IjoiODA1NWUyNSJ9\">\n\t\t\t\t\t<div class=\"e-gallery-image elementor-gallery-item__image\" data-thumbnail=\"https:\/\/tribulossi.cat\/wp-content\/uploads\/2024\/05\/homenatgebenetrossell-300x200.jpg\" data-width=\"300\" data-height=\"200\" aria-label=\"Homenatge Benet\" role=\"img\" ><\/div>\n\t\t\t\t\t\t\t\t\t\t\t<div class=\"elementor-gallery-item__overlay\"><\/div>\n\t\t\t\t\t\t\t\t\t\t\t\t\t\t<\/a>\n\t\t\t\t\t\t\t<a class=\"e-gallery-item elementor-gallery-item elementor-animated-content\" href=\"https:\/\/tribulossi.cat\/wp-content\/uploads\/2024\/05\/homentagebenet2.jpg\" data-elementor-open-lightbox=\"yes\" data-elementor-lightbox-slideshow=\"8055e25\" data-elementor-lightbox-title=\"homentagebenet2\" data-elementor-lightbox-description=\"Homenatge Benet Rossell\" data-e-action-hash=\"#elementor-action%3Aaction%3Dlightbox%26settings%3DeyJpZCI6OTM5LCJ1cmwiOiJodHRwczpcL1wvdHJpYnVsb3NzaS5jYXRcL3dwLWNvbnRlbnRcL3VwbG9hZHNcLzIwMjRcLzA1XC9ob21lbnRhZ2ViZW5ldDIuanBnIiwic2xpZGVzaG93IjoiODA1NWUyNSJ9\">\n\t\t\t\t\t<div class=\"e-gallery-image elementor-gallery-item__image\" data-thumbnail=\"https:\/\/tribulossi.cat\/wp-content\/uploads\/2024\/05\/homentagebenet2-300x200.jpg\" data-width=\"300\" data-height=\"200\" aria-label=\"Homenatge Benet\" role=\"img\" ><\/div>\n\t\t\t\t\t\t\t\t\t\t\t<div class=\"elementor-gallery-item__overlay\"><\/div>\n\t\t\t\t\t\t\t\t\t\t\t\t\t\t<\/a>\n\t\t\t\t\t\t\t<a class=\"e-gallery-item elementor-gallery-item elementor-animated-content\" href=\"https:\/\/tribulossi.cat\/wp-content\/uploads\/2024\/05\/homenatgebenet7.jpg\" data-elementor-open-lightbox=\"yes\" data-elementor-lightbox-slideshow=\"8055e25\" data-elementor-lightbox-title=\"homenatgebenet7\" data-e-action-hash=\"#elementor-action%3Aaction%3Dlightbox%26settings%3DeyJpZCI6OTQzLCJ1cmwiOiJodHRwczpcL1wvdHJpYnVsb3NzaS5jYXRcL3dwLWNvbnRlbnRcL3VwbG9hZHNcLzIwMjRcLzA1XC9ob21lbmF0Z2ViZW5ldDcuanBnIiwic2xpZGVzaG93IjoiODA1NWUyNSJ9\">\n\t\t\t\t\t<div class=\"e-gallery-image elementor-gallery-item__image\" data-thumbnail=\"https:\/\/tribulossi.cat\/wp-content\/uploads\/2024\/05\/homenatgebenet7-300x200.jpg\" data-width=\"300\" data-height=\"200\" aria-label=\"Lliurament del trofeu\" role=\"img\" ><\/div>\n\t\t\t\t\t\t\t\t\t\t\t<div class=\"elementor-gallery-item__overlay\"><\/div>\n\t\t\t\t\t\t\t\t\t\t\t\t\t\t<\/a>\n\t\t\t\t\t\t\t<a class=\"e-gallery-item elementor-gallery-item elementor-animated-content\" href=\"https:\/\/tribulossi.cat\/wp-content\/uploads\/2024\/05\/homenatgebenet5.jpg\" data-elementor-open-lightbox=\"yes\" data-elementor-lightbox-slideshow=\"8055e25\" data-elementor-lightbox-title=\"homenatgebenet5\" data-elementor-lightbox-description=\"Homenatge Benet\" data-e-action-hash=\"#elementor-action%3Aaction%3Dlightbox%26settings%3DeyJpZCI6OTQ1LCJ1cmwiOiJodHRwczpcL1wvdHJpYnVsb3NzaS5jYXRcL3dwLWNvbnRlbnRcL3VwbG9hZHNcLzIwMjRcLzA1XC9ob21lbmF0Z2ViZW5ldDUuanBnIiwic2xpZGVzaG93IjoiODA1NWUyNSJ9\">\n\t\t\t\t\t<div class=\"e-gallery-image elementor-gallery-item__image\" data-thumbnail=\"https:\/\/tribulossi.cat\/wp-content\/uploads\/2024\/05\/homenatgebenet5-300x200.jpg\" data-width=\"300\" data-height=\"200\" aria-label=\"Homenatge Benet\" role=\"img\" ><\/div>\n\t\t\t\t\t\t\t\t\t\t\t<div class=\"elementor-gallery-item__overlay\"><\/div>\n\t\t\t\t\t\t\t\t\t\t\t\t\t\t<\/a>\n\t\t\t\t\t\t\t<a class=\"e-gallery-item elementor-gallery-item elementor-animated-content\" href=\"https:\/\/tribulossi.cat\/wp-content\/uploads\/2024\/05\/homenatgebenet8.jpg\" data-elementor-open-lightbox=\"yes\" data-elementor-lightbox-slideshow=\"8055e25\" data-elementor-lightbox-title=\"homenatgebenet8\" data-elementor-lightbox-description=\"Conrad Muntada canta garrotins\" data-e-action-hash=\"#elementor-action%3Aaction%3Dlightbox%26settings%3DeyJpZCI6OTQ3LCJ1cmwiOiJodHRwczpcL1wvdHJpYnVsb3NzaS5jYXRcL3dwLWNvbnRlbnRcL3VwbG9hZHNcLzIwMjRcLzA1XC9ob21lbmF0Z2ViZW5ldDguanBnIiwic2xpZGVzaG93IjoiODA1NWUyNSJ9\">\n\t\t\t\t\t<div class=\"e-gallery-image elementor-gallery-item__image\" data-thumbnail=\"https:\/\/tribulossi.cat\/wp-content\/uploads\/2024\/05\/homenatgebenet8-300x200.jpg\" data-width=\"300\" data-height=\"200\" aria-label=\"Conrad Muntada canta garrotins\" role=\"img\" ><\/div>\n\t\t\t\t\t\t\t\t\t\t\t<div class=\"elementor-gallery-item__overlay\"><\/div>\n\t\t\t\t\t\t\t\t\t\t\t\t\t\t<\/a>\n\t\t\t\t\t\t\t<a class=\"e-gallery-item elementor-gallery-item elementor-animated-content\" href=\"https:\/\/tribulossi.cat\/wp-content\/uploads\/2024\/05\/homenatgebenet5-1.jpg\" data-elementor-open-lightbox=\"yes\" data-elementor-lightbox-slideshow=\"8055e25\" data-elementor-lightbox-title=\"homenatgebenet5\" data-e-action-hash=\"#elementor-action%3Aaction%3Dlightbox%26settings%3DeyJpZCI6OTQ5LCJ1cmwiOiJodHRwczpcL1wvdHJpYnVsb3NzaS5jYXRcL3dwLWNvbnRlbnRcL3VwbG9hZHNcLzIwMjRcLzA1XC9ob21lbmF0Z2ViZW5ldDUtMS5qcGciLCJzbGlkZXNob3ciOiI4MDU1ZTI1In0%3D\">\n\t\t\t\t\t<div class=\"e-gallery-image elementor-gallery-item__image\" data-thumbnail=\"https:\/\/tribulossi.cat\/wp-content\/uploads\/2024\/05\/homenatgebenet5-1-300x200.jpg\" data-width=\"300\" data-height=\"200\" aria-label=\"\" role=\"img\" ><\/div>\n\t\t\t\t\t\t\t\t\t\t\t<div class=\"elementor-gallery-item__overlay\"><\/div>\n\t\t\t\t\t\t\t\t\t\t\t\t\t\t<\/a>\n\t\t\t\t\t\t\t<a class=\"e-gallery-item elementor-gallery-item elementor-animated-content\" href=\"https:\/\/tribulossi.cat\/wp-content\/uploads\/2024\/05\/homenatgebenet6.jpg\" data-elementor-open-lightbox=\"yes\" data-elementor-lightbox-slideshow=\"8055e25\" data-elementor-lightbox-title=\"homenatgebenet6\" data-elementor-lightbox-description=\"Homenatge Benet\" data-e-action-hash=\"#elementor-action%3Aaction%3Dlightbox%26settings%3DeyJpZCI6OTUxLCJ1cmwiOiJodHRwczpcL1wvdHJpYnVsb3NzaS5jYXRcL3dwLWNvbnRlbnRcL3VwbG9hZHNcLzIwMjRcLzA1XC9ob21lbmF0Z2ViZW5ldDYuanBnIiwic2xpZGVzaG93IjoiODA1NWUyNSJ9\">\n\t\t\t\t\t<div class=\"e-gallery-image elementor-gallery-item__image\" data-thumbnail=\"https:\/\/tribulossi.cat\/wp-content\/uploads\/2024\/05\/homenatgebenet6-300x200.jpg\" data-width=\"300\" data-height=\"200\" aria-label=\"Homenatge Benet\" role=\"img\" ><\/div>\n\t\t\t\t\t\t\t\t\t\t\t<div class=\"elementor-gallery-item__overlay\"><\/div>\n\t\t\t\t\t\t\t\t\t\t\t\t\t\t<\/a>\n\t\t\t\t\t<\/div>\n\t\t\t\t\t<\/div>\n\t\t\t\t<\/div>\n\t\t\t\t\t<\/div>\n\t\t\t\t<\/div>\n\t\t\t\t<\/div>\n\t\t","protected":false},"excerpt":{"rendered":"<p>Benet Rossell Sanuy, poeta, escritor, escultor, ilustrador, m\u00fasico, cineasta&#8230; en definitiva artista, nace en \u00c0ger, en la Noguera, en 1937. Una vez finaliz\u00f3 sus estudios universitarios de derecho (1956), ciencias [&hellip;]<\/p>\n","protected":false},"author":1,"featured_media":0,"parent":748,"menu_order":0,"comment_status":"closed","ping_status":"closed","template":"elementor_header_footer","meta":{"_acf_changed":false,"footnotes":""},"class_list":["post-920","page","type-page","status-publish","hentry"],"acf":[],"yoast_head":"<!-- This site is optimized with the Yoast SEO plugin v24.5 - https:\/\/yoast.com\/wordpress\/plugins\/seo\/ -->\n<title>Benet Rossell (Edici\u00f3n 2024) - Festival Tribulossi<\/title>\n<meta name=\"description\" content=\"Benet Rossell Sanuy, poeta, escritor, escultor, ilustrador, m\u00fasico, cineasta... en definitiva artista, nace en \u00c0ger, en la Noguera, en 1937. Una vez\" \/>\n<meta name=\"robots\" content=\"index, follow, max-snippet:-1, max-image-preview:large, max-video-preview:-1\" \/>\n<link rel=\"canonical\" href=\"https:\/\/tribulossi.cat\/es\/poetas-homenajeados\/benet-rossell-edicion-2024\/\" \/>\n<meta property=\"og:locale\" content=\"es_ES\" \/>\n<meta property=\"og:type\" content=\"article\" \/>\n<meta property=\"og:title\" content=\"Benet Rossell (Edici\u00f3n 2024) - Festival Tribulossi\" \/>\n<meta property=\"og:description\" content=\"Benet Rossell Sanuy, poeta, escritor, escultor, ilustrador, m\u00fasico, cineasta... en definitiva artista, nace en \u00c0ger, en la Noguera, en 1937. Una vez\" \/>\n<meta property=\"og:url\" content=\"https:\/\/tribulossi.cat\/es\/poetas-homenajeados\/benet-rossell-edicion-2024\/\" \/>\n<meta property=\"og:site_name\" content=\"Festival Tribulossi\" \/>\n<meta property=\"article:modified_time\" content=\"2025-02-26T16:22:03+00:00\" \/>\n<meta property=\"og:image\" content=\"https:\/\/tribulossi.cat\/wp-content\/uploads\/2023\/11\/Logo-tribulossi.png\" \/>\n\t<meta property=\"og:image:width\" content=\"1787\" \/>\n\t<meta property=\"og:image:height\" content=\"1146\" \/>\n\t<meta property=\"og:image:type\" content=\"image\/png\" \/>\n<meta name=\"twitter:card\" content=\"summary_large_image\" \/>\n<meta name=\"twitter:label1\" content=\"Tiempo de lectura\" \/>\n\t<meta name=\"twitter:data1\" content=\"2 minutos\" \/>\n<script type=\"application\/ld+json\" class=\"yoast-schema-graph\">{\"@context\":\"https:\/\/schema.org\",\"@graph\":[{\"@type\":\"WebPage\",\"@id\":\"https:\/\/tribulossi.cat\/es\/poetas-homenajeados\/benet-rossell-edicion-2024\/\",\"url\":\"https:\/\/tribulossi.cat\/es\/poetas-homenajeados\/benet-rossell-edicion-2024\/\",\"name\":\"Benet Rossell (Edici\u00f3n 2024) - Festival Tribulossi\",\"isPartOf\":{\"@id\":\"https:\/\/tribulossi.cat\/es\/#website\"},\"datePublished\":\"2024-05-06T15:31:23+00:00\",\"dateModified\":\"2025-02-26T16:22:03+00:00\",\"description\":\"Benet Rossell Sanuy, poeta, escritor, escultor, ilustrador, m\u00fasico, cineasta... en definitiva artista, nace en \u00c0ger, en la Noguera, en 1937. Una vez\",\"breadcrumb\":{\"@id\":\"https:\/\/tribulossi.cat\/es\/poetas-homenajeados\/benet-rossell-edicion-2024\/#breadcrumb\"},\"inLanguage\":\"es\",\"potentialAction\":[{\"@type\":\"ReadAction\",\"target\":[\"https:\/\/tribulossi.cat\/es\/poetas-homenajeados\/benet-rossell-edicion-2024\/\"]}]},{\"@type\":\"BreadcrumbList\",\"@id\":\"https:\/\/tribulossi.cat\/es\/poetas-homenajeados\/benet-rossell-edicion-2024\/#breadcrumb\",\"itemListElement\":[{\"@type\":\"ListItem\",\"position\":1,\"name\":\"Inici\",\"item\":\"https:\/\/tribulossi.cat\/es\/presentacion\/\"},{\"@type\":\"ListItem\",\"position\":2,\"name\":\"Poetas homenajeados\",\"item\":\"https:\/\/tribulossi.cat\/es\/poetas-homenajeados\/\"},{\"@type\":\"ListItem\",\"position\":3,\"name\":\"Benet Rossell (Edici\u00f3n 2024)\"}]},{\"@type\":\"WebSite\",\"@id\":\"https:\/\/tribulossi.cat\/es\/#website\",\"url\":\"https:\/\/tribulossi.cat\/es\/\",\"name\":\"Festival Tribulossi\",\"description\":\"Festival po\u00e8tic de les arts\",\"publisher\":{\"@id\":\"https:\/\/tribulossi.cat\/es\/#organization\"},\"potentialAction\":[{\"@type\":\"SearchAction\",\"target\":{\"@type\":\"EntryPoint\",\"urlTemplate\":\"https:\/\/tribulossi.cat\/es\/?s={search_term_string}\"},\"query-input\":{\"@type\":\"PropertyValueSpecification\",\"valueRequired\":true,\"valueName\":\"search_term_string\"}}],\"inLanguage\":\"es\"},{\"@type\":\"Organization\",\"@id\":\"https:\/\/tribulossi.cat\/es\/#organization\",\"name\":\"Festival Tribulossi\",\"url\":\"https:\/\/tribulossi.cat\/es\/\",\"logo\":{\"@type\":\"ImageObject\",\"inLanguage\":\"es\",\"@id\":\"https:\/\/tribulossi.cat\/es\/#\/schema\/logo\/image\/\",\"url\":\"https:\/\/tribulossi.cat\/wp-content\/uploads\/2023\/11\/logo-tribulossi.svg\",\"contentUrl\":\"https:\/\/tribulossi.cat\/wp-content\/uploads\/2023\/11\/logo-tribulossi.svg\",\"caption\":\"Festival Tribulossi\"},\"image\":{\"@id\":\"https:\/\/tribulossi.cat\/es\/#\/schema\/logo\/image\/\"}}]}<\/script>\n<!-- \/ Yoast SEO plugin. -->","yoast_head_json":{"title":"Benet Rossell (Edici\u00f3n 2024) - Festival Tribulossi","description":"Benet Rossell Sanuy, poeta, escritor, escultor, ilustrador, m\u00fasico, cineasta... en definitiva artista, nace en \u00c0ger, en la Noguera, en 1937. Una vez","robots":{"index":"index","follow":"follow","max-snippet":"max-snippet:-1","max-image-preview":"max-image-preview:large","max-video-preview":"max-video-preview:-1"},"canonical":"https:\/\/tribulossi.cat\/es\/poetas-homenajeados\/benet-rossell-edicion-2024\/","og_locale":"es_ES","og_type":"article","og_title":"Benet Rossell (Edici\u00f3n 2024) - Festival Tribulossi","og_description":"Benet Rossell Sanuy, poeta, escritor, escultor, ilustrador, m\u00fasico, cineasta... en definitiva artista, nace en \u00c0ger, en la Noguera, en 1937. Una vez","og_url":"https:\/\/tribulossi.cat\/es\/poetas-homenajeados\/benet-rossell-edicion-2024\/","og_site_name":"Festival Tribulossi","article_modified_time":"2025-02-26T16:22:03+00:00","og_image":[{"width":1787,"height":1146,"url":"https:\/\/tribulossi.cat\/wp-content\/uploads\/2023\/11\/Logo-tribulossi.png","type":"image\/png"}],"twitter_card":"summary_large_image","twitter_misc":{"Tiempo de lectura":"2 minutos"},"schema":{"@context":"https:\/\/schema.org","@graph":[{"@type":"WebPage","@id":"https:\/\/tribulossi.cat\/es\/poetas-homenajeados\/benet-rossell-edicion-2024\/","url":"https:\/\/tribulossi.cat\/es\/poetas-homenajeados\/benet-rossell-edicion-2024\/","name":"Benet Rossell (Edici\u00f3n 2024) - Festival Tribulossi","isPartOf":{"@id":"https:\/\/tribulossi.cat\/es\/#website"},"datePublished":"2024-05-06T15:31:23+00:00","dateModified":"2025-02-26T16:22:03+00:00","description":"Benet Rossell Sanuy, poeta, escritor, escultor, ilustrador, m\u00fasico, cineasta... en definitiva artista, nace en \u00c0ger, en la Noguera, en 1937. Una vez","breadcrumb":{"@id":"https:\/\/tribulossi.cat\/es\/poetas-homenajeados\/benet-rossell-edicion-2024\/#breadcrumb"},"inLanguage":"es","potentialAction":[{"@type":"ReadAction","target":["https:\/\/tribulossi.cat\/es\/poetas-homenajeados\/benet-rossell-edicion-2024\/"]}]},{"@type":"BreadcrumbList","@id":"https:\/\/tribulossi.cat\/es\/poetas-homenajeados\/benet-rossell-edicion-2024\/#breadcrumb","itemListElement":[{"@type":"ListItem","position":1,"name":"Inici","item":"https:\/\/tribulossi.cat\/es\/presentacion\/"},{"@type":"ListItem","position":2,"name":"Poetas homenajeados","item":"https:\/\/tribulossi.cat\/es\/poetas-homenajeados\/"},{"@type":"ListItem","position":3,"name":"Benet Rossell (Edici\u00f3n 2024)"}]},{"@type":"WebSite","@id":"https:\/\/tribulossi.cat\/es\/#website","url":"https:\/\/tribulossi.cat\/es\/","name":"Festival Tribulossi","description":"Festival po\u00e8tic de les arts","publisher":{"@id":"https:\/\/tribulossi.cat\/es\/#organization"},"potentialAction":[{"@type":"SearchAction","target":{"@type":"EntryPoint","urlTemplate":"https:\/\/tribulossi.cat\/es\/?s={search_term_string}"},"query-input":{"@type":"PropertyValueSpecification","valueRequired":true,"valueName":"search_term_string"}}],"inLanguage":"es"},{"@type":"Organization","@id":"https:\/\/tribulossi.cat\/es\/#organization","name":"Festival Tribulossi","url":"https:\/\/tribulossi.cat\/es\/","logo":{"@type":"ImageObject","inLanguage":"es","@id":"https:\/\/tribulossi.cat\/es\/#\/schema\/logo\/image\/","url":"https:\/\/tribulossi.cat\/wp-content\/uploads\/2023\/11\/logo-tribulossi.svg","contentUrl":"https:\/\/tribulossi.cat\/wp-content\/uploads\/2023\/11\/logo-tribulossi.svg","caption":"Festival Tribulossi"},"image":{"@id":"https:\/\/tribulossi.cat\/es\/#\/schema\/logo\/image\/"}}]}},"_links":{"self":[{"href":"https:\/\/tribulossi.cat\/es\/wp-json\/wp\/v2\/pages\/920","targetHints":{"allow":["GET"]}}],"collection":[{"href":"https:\/\/tribulossi.cat\/es\/wp-json\/wp\/v2\/pages"}],"about":[{"href":"https:\/\/tribulossi.cat\/es\/wp-json\/wp\/v2\/types\/page"}],"author":[{"embeddable":true,"href":"https:\/\/tribulossi.cat\/es\/wp-json\/wp\/v2\/users\/1"}],"replies":[{"embeddable":true,"href":"https:\/\/tribulossi.cat\/es\/wp-json\/wp\/v2\/comments?post=920"}],"version-history":[{"count":4,"href":"https:\/\/tribulossi.cat\/es\/wp-json\/wp\/v2\/pages\/920\/revisions"}],"predecessor-version":[{"id":1073,"href":"https:\/\/tribulossi.cat\/es\/wp-json\/wp\/v2\/pages\/920\/revisions\/1073"}],"up":[{"embeddable":true,"href":"https:\/\/tribulossi.cat\/es\/wp-json\/wp\/v2\/pages\/748"}],"wp:attachment":[{"href":"https:\/\/tribulossi.cat\/es\/wp-json\/wp\/v2\/media?parent=920"}],"curies":[{"name":"wp","href":"https:\/\/api.w.org\/{rel}","templated":true}]}}