{"id":926,"date":"2024-05-06T17:49:45","date_gmt":"2024-05-06T15:49:45","guid":{"rendered":"https:\/\/tribulossi.cat\/el-trofeo\/trofeu-2024\/"},"modified":"2025-02-26T17:19:59","modified_gmt":"2025-02-26T16:19:59","slug":"trofeu-2024","status":"publish","type":"page","link":"https:\/\/tribulossi.cat\/es\/el-trofeo\/trofeu-2024\/","title":{"rendered":"Trofeo 2024"},"content":{"rendered":"\t\t<div data-elementor-type=\"wp-page\" data-elementor-id=\"926\" class=\"elementor elementor-926 elementor-894\" data-elementor-post-type=\"page\">\n\t\t\t\t<div class=\"elementor-element elementor-element-261b0b7 e-flex e-con-boxed e-con e-parent\" data-id=\"261b0b7\" data-element_type=\"container\">\n\t\t\t\t\t<div class=\"e-con-inner\">\n\t\t<div class=\"elementor-element elementor-element-25c2574 e-con-full e-flex e-con e-child\" data-id=\"25c2574\" data-element_type=\"container\">\n\t\t\t\t<div class=\"elementor-element elementor-element-941eeb2 elementor-widget elementor-widget-text-editor\" data-id=\"941eeb2\" data-element_type=\"widget\" data-widget_type=\"text-editor.default\">\n\t\t\t\t<div class=\"elementor-widget-container\">\n\t\t\t\t\t\t\t\t\t<p><strong>OcreFerroart<\/strong> define su obra con el Trofeo \u00abR de Tribulosis\u00bb, una pieza que simboliza la letra \u00abR\u00bb de Tribulosis. Esta compleja escultura est\u00e1 construida con tres piezas \u00fanicas. La pieza principal, que comanda la escultura, sostiene las otras dos piezas que se fusionan una con otra con armon\u00eda. El detalle de la pieza principal es trabajado con una t\u00e9cnica de recalcado en ambos extremos, ofreciendo un efecto visual sorprendente. Las perforaciones estrat\u00e9gicas en la pieza principal permiten el encaje perfecto de las otras dos piezas, proporcionando una sensaci\u00f3n de cohesi\u00f3n y unidad.<\/p><p>La escultura reposa elegantemente sobre una peana de piedra de aimor reale, destac\u00e1ndose su solidez y prestigio. Una pieza de hierro grabada con detalles espec\u00edficos, como la fecha del festival de poes\u00eda, complementa su composici\u00f3n. La superficie de hierro est\u00e1 tratada con una p\u00e1tina de \u00e1cido t\u00e1nico y cera de abeja, aportando una riqueza de tonalidades y texturas.<\/p><p>La l\u00ednea est\u00e9tica de la escultura realiza una danza en el espacio, capturando la atenci\u00f3n del espectador con su elegancia y dinamismo. La fuerza intr\u00ednseca del hierro se combina perfectamente con la serenidad y la puredad del color blanco de la piedra, creando un impresionante equilibrio visual.<\/p><p>A trav\u00e9s de esta obra, OcreFerroart demuestra su maestr\u00eda en la manipulaci\u00f3n del metal y su capacidad para crear esculturas que no s\u00f3lo son est\u00e9ticamente cautivadoras, sino que tambi\u00e9n traen un profundo significado simb\u00f3lico.<\/p>\t\t\t\t\t\t\t\t<\/div>\n\t\t\t\t<\/div>\n\t\t\t\t<\/div>\n\t\t<div class=\"elementor-element elementor-element-0cc7f7d e-con-full e-flex e-con e-child\" data-id=\"0cc7f7d\" data-element_type=\"container\">\n\t\t\t\t<div class=\"elementor-element elementor-element-08a13a4 elementor-widget elementor-widget-image\" data-id=\"08a13a4\" data-element_type=\"widget\" data-widget_type=\"image.default\">\n\t\t\t\t<div class=\"elementor-widget-container\">\n\t\t\t\t\t\t\t\t\t\t\t\t\t\t\t<img decoding=\"async\" src=\"https:\/\/tribulossi.cat\/wp-content\/uploads\/elementor\/thumbs\/trofeu-tribulosi-1-r22wxyyeoay07bwql6p0h6x6vyiw7au2d0l4wc8zxc.jpg\" title=\"trofeu tribulosi\" alt=\"trofeu tribulosi\" loading=\"lazy\" \/>\t\t\t\t\t\t\t\t\t\t\t\t\t\t\t<\/div>\n\t\t\t\t<\/div>\n\t\t\t\t<\/div>\n\t\t\t\t\t<\/div>\n\t\t\t\t<\/div>\n\t\t<div class=\"elementor-element elementor-element-44b028b e-flex e-con-boxed e-con e-parent\" data-id=\"44b028b\" data-element_type=\"container\">\n\t\t\t\t\t<div class=\"e-con-inner\">\n\t\t<div class=\"elementor-element elementor-element-fe85452 e-con-full e-flex e-con e-child\" data-id=\"fe85452\" data-element_type=\"container\">\n\t\t\t\t<div class=\"elementor-element elementor-element-607d482 elementor-widget elementor-widget-heading\" data-id=\"607d482\" data-element_type=\"widget\" data-widget_type=\"heading.default\">\n\t\t\t\t<div class=\"elementor-widget-container\">\n\t\t\t\t\t<h3 class=\"elementor-heading-title elementor-size-default\">Anna Aleman<\/h3>\t\t\t\t<\/div>\n\t\t\t\t<\/div>\n\t\t\t\t<div class=\"elementor-element elementor-element-0899a9d elementor-widget elementor-widget-text-editor\" data-id=\"0899a9d\" data-element_type=\"widget\" data-widget_type=\"text-editor.default\">\n\t\t\t\t<div class=\"elementor-widget-container\">\n\t\t\t\t\t\t\t\t\t<p>Me llamo Anna Aleman y soy una artista de la forja y el hierro nacida en Barcelona. Despu\u00e9s de salir de la Escuela de Arte, realic\u00e9 varios cursos de cerrajer\u00eda y forja, lo que me permiti\u00f3 trabajar en un taller centenario en el que aprend\u00ed el oficio de cerrajer\u00eda art\u00edstica. As\u00ed naci\u00f3 **Ocreferroart**, una empresa dedicada al hierro forjado que trabaja de forma art\u00edstica tanto la escultura como la decoraci\u00f3n en diferentes tipos de proyectos relacionados con el mundo del metal.<\/p><p>Despu\u00e9s de unos a\u00f1os trabajando en Barcelona, \u200b\u200bcompartiendo talleres con distintos artistas de diversos campos y colaborando en proyectos decorativos para locales comerciales y particulares, decid\u00ed buscar un cambio. Cansada de la vida en la ciudad, decid\u00ed trasladarme al mundo rural, a la casa familiar de Llimiana, situada en el Pallars Juss\u00e0, en medio del Montsec. Aqu\u00ed vi la posibilidad de montar mi propio taller y continuar mi proyecto en un entorno m\u00e1s tranquilo e inspirador.<\/p>\t\t\t\t\t\t\t\t<\/div>\n\t\t\t\t<\/div>\n\t\t\t\t<\/div>\n\t\t<div class=\"elementor-element elementor-element-8094cf9 e-con-full e-flex e-con e-child\" data-id=\"8094cf9\" data-element_type=\"container\">\n\t\t\t\t<div class=\"elementor-element elementor-element-8a3f3e9 elementor-widget elementor-widget-image\" data-id=\"8a3f3e9\" data-element_type=\"widget\" data-widget_type=\"image.default\">\n\t\t\t\t<div class=\"elementor-widget-container\">\n\t\t\t\t\t\t\t\t\t\t\t\t\t\t\t<img decoding=\"async\" src=\"https:\/\/tribulossi.cat\/wp-content\/uploads\/elementor\/thumbs\/Anna-Aleman-r22wzrt9rvesgfaj2gq9r8jzvjn7yezjlxln0fku00.jpg\" title=\"Anna Aleman\" alt=\"Anna Aleman\" loading=\"lazy\" \/>\t\t\t\t\t\t\t\t\t\t\t\t\t\t\t<\/div>\n\t\t\t\t<\/div>\n\t\t\t\t<\/div>\n\t\t\t\t\t<\/div>\n\t\t\t\t<\/div>\n\t\t<div class=\"elementor-element elementor-element-0d2dc15 e-flex e-con-boxed e-con e-parent\" data-id=\"0d2dc15\" data-element_type=\"container\">\n\t\t\t\t\t<div class=\"e-con-inner\">\n\t\t<div class=\"elementor-element elementor-element-496dc00 e-con-full e-flex e-con e-child\" data-id=\"496dc00\" data-element_type=\"container\">\n\t\t\t\t<div class=\"elementor-element elementor-element-fba8ce8 elementor-widget elementor-widget-text-editor\" data-id=\"fba8ce8\" data-element_type=\"widget\" data-widget_type=\"text-editor.default\">\n\t\t\t\t<div class=\"elementor-widget-container\">\n\t\t\t\t\t\t\t\t\t<p>Llevo quince a\u00f1os viviendo en Llimiana, donde he podido desarrollar mi proyecto de manera aut\u00f3noma y personal. **Ocreferroart** es hoy una peque\u00f1a empresa de hierro forjado que trabaja de forma art\u00edstica, fusionando materiales como la piedra y la madera para crear piezas que se integran de forma org\u00e1nica con el entorno. Trabajo de forma personalizada, creando proyectos \u00fanicos al gusto de cada cliente, poniendo mucho amor y pasi\u00f3n en cada proceso, desde la visita al cliente hasta el momento del montaje final.<\/p><p>He participado en varias ferias, realizando demostraciones del oficio y vendiendo productos artesanos como objetos decorativos para el hogar y joyas personalizadas. Tambi\u00e9n he participado en distintos eventos de forja en Espa\u00f1a, Francia, Europa y Latinoam\u00e9rica, y soy pionera entre las mujeres que se dedican a este oficio. Soy representante de un peque\u00f1o grupo de mujeres forjadoras que intentan ganarse la vida haciendo lo que les apasiona. A pesar de haber trabajado en grupos muy masculinizados, siempre he tenido claro lo que me gusta y una gran confianza en mi trabajo.<\/p><p>En los \u00faltimos a\u00f1os, he estado involucrada en varios proyectos en Llimiana y las comarcas pirenaicas cercanas. Hace diez a\u00f1os que organizo el encuentro de forjadores dentro de la \u201cFeria del Mostillo\u201d, en el mes de octubre, donde dise\u00f1o y preparo material para esculturas que decoran el pueblo. Este a\u00f1o codirijo la \u201cFeria del Hierro Pirenaico\u201d en Alins, donde profesionales del hierro de todo el mundo realizan obras que se quedan en el Vall Ferrera.<\/p><p>Mi trabajo ha sido reconocido en diversas publicaciones. Recientemente, he aparecido en el libro \u00abEl Hierro y la forja\u00bb de Catalu\u00f1a y en la revista especializada \u00abHephaistos\u00bb. Este a\u00f1o, he colaborado en el certamen de esculturas Metalov\u00e9 sympozium en Praga, y sigo buscando nuevas oportunidades para mostrar y desarrollar mi arte.<\/p><p>Formo parte de una asociaci\u00f3n de artistas del Pirineo, donde expongo y vendo mis obras en Tremp. Estoy muy orgullosa de mi trayectoria y de los logros conseguidos, pero mi gran sue\u00f1o es seguir creciendo y compartir este oficio con las nuevas generaciones. Deseo obtener una beca para poder completar mi titulaci\u00f3n de forjadora en Estados Unidos e invertir en nueva maquinaria para mejorar mis proyectos. Tambi\u00e9n estoy buscando un espacio m\u00e1s amplio para impartir clases de forja y crear una escuela en la comarca del Pallars Juss\u00e0.<\/p><p>He llegado hasta aqu\u00ed gracias a a\u00f1os de esfuerzo y dedicaci\u00f3n en mi oficio. Espero que mi historia os inspire y que pueda seguir compartiendo mi pasi\u00f3n por el hierro forjado con el mundo. <\/p>\t\t\t\t\t\t\t\t<\/div>\n\t\t\t\t<\/div>\n\t\t\t\t<\/div>\n\t\t\t\t\t<\/div>\n\t\t\t\t<\/div>\n\t\t\t\t<\/div>\n\t\t","protected":false},"excerpt":{"rendered":"<p>OcreFerroart define su obra con el Trofeo \u00abR de Tribulosis\u00bb, una pieza que simboliza la letra \u00abR\u00bb de Tribulosis. Esta compleja escultura est\u00e1 construida con tres piezas \u00fanicas. La pieza [&hellip;]<\/p>\n","protected":false},"author":1,"featured_media":0,"parent":744,"menu_order":0,"comment_status":"closed","ping_status":"closed","template":"","meta":{"_acf_changed":false,"footnotes":""},"class_list":["post-926","page","type-page","status-publish","hentry"],"acf":[],"yoast_head":"<!-- This site is optimized with the Yoast SEO plugin v24.5 - https:\/\/yoast.com\/wordpress\/plugins\/seo\/ -->\n<title>Trofeo 2024 - Festival Tribulossi<\/title>\n<meta name=\"description\" content=\"OcreFerroart define su obra con el Trofeo &quot;R de Tribulosis&quot;, una pieza que simboliza la letra &quot;R&quot; de Tribulosis. Esta compleja escultura est\u00e1 construida\" \/>\n<meta name=\"robots\" content=\"index, follow, max-snippet:-1, max-image-preview:large, max-video-preview:-1\" \/>\n<link rel=\"canonical\" href=\"https:\/\/tribulossi.cat\/es\/el-trofeo\/trofeu-2024\/\" \/>\n<meta property=\"og:locale\" content=\"es_ES\" \/>\n<meta property=\"og:type\" content=\"article\" \/>\n<meta property=\"og:title\" content=\"Trofeo 2024 - Festival Tribulossi\" \/>\n<meta property=\"og:description\" content=\"OcreFerroart define su obra con el Trofeo &quot;R de Tribulosis&quot;, una pieza que simboliza la letra &quot;R&quot; de Tribulosis. Esta compleja escultura est\u00e1 construida\" \/>\n<meta property=\"og:url\" content=\"https:\/\/tribulossi.cat\/es\/el-trofeo\/trofeu-2024\/\" \/>\n<meta property=\"og:site_name\" content=\"Festival Tribulossi\" \/>\n<meta property=\"article:modified_time\" content=\"2025-02-26T16:19:59+00:00\" \/>\n<meta property=\"og:image\" content=\"https:\/\/tribulossi.cat\/wp-content\/uploads\/elementor\/thumbs\/trofeu-tribulosi-1-r22wxyyeoay07bwql6p0h6x6vyiw7au2d0l4wc8zxc.jpg\" \/>\n<meta name=\"twitter:card\" content=\"summary_large_image\" \/>\n<meta name=\"twitter:label1\" content=\"Tiempo de lectura\" \/>\n\t<meta name=\"twitter:data1\" content=\"4 minutos\" \/>\n<script type=\"application\/ld+json\" class=\"yoast-schema-graph\">{\"@context\":\"https:\/\/schema.org\",\"@graph\":[{\"@type\":\"WebPage\",\"@id\":\"https:\/\/tribulossi.cat\/es\/el-trofeo\/trofeu-2024\/\",\"url\":\"https:\/\/tribulossi.cat\/es\/el-trofeo\/trofeu-2024\/\",\"name\":\"Trofeo 2024 - Festival Tribulossi\",\"isPartOf\":{\"@id\":\"https:\/\/tribulossi.cat\/es\/#website\"},\"primaryImageOfPage\":{\"@id\":\"https:\/\/tribulossi.cat\/es\/el-trofeo\/trofeu-2024\/#primaryimage\"},\"image\":{\"@id\":\"https:\/\/tribulossi.cat\/es\/el-trofeo\/trofeu-2024\/#primaryimage\"},\"thumbnailUrl\":\"https:\/\/tribulossi.cat\/wp-content\/uploads\/elementor\/thumbs\/trofeu-tribulosi-1-r22wxyyeoay07bwql6p0h6x6vyiw7au2d0l4wc8zxc.jpg\",\"datePublished\":\"2024-05-06T15:49:45+00:00\",\"dateModified\":\"2025-02-26T16:19:59+00:00\",\"description\":\"OcreFerroart define su obra con el Trofeo \\\"R de Tribulosis\\\", una pieza que simboliza la letra \\\"R\\\" de Tribulosis. Esta compleja escultura est\u00e1 construida\",\"breadcrumb\":{\"@id\":\"https:\/\/tribulossi.cat\/es\/el-trofeo\/trofeu-2024\/#breadcrumb\"},\"inLanguage\":\"es\",\"potentialAction\":[{\"@type\":\"ReadAction\",\"target\":[\"https:\/\/tribulossi.cat\/es\/el-trofeo\/trofeu-2024\/\"]}]},{\"@type\":\"ImageObject\",\"inLanguage\":\"es\",\"@id\":\"https:\/\/tribulossi.cat\/es\/el-trofeo\/trofeu-2024\/#primaryimage\",\"url\":\"https:\/\/tribulossi.cat\/wp-content\/uploads\/elementor\/thumbs\/trofeu-tribulosi-1-r22wxyyeoay07bwql6p0h6x6vyiw7au2d0l4wc8zxc.jpg\",\"contentUrl\":\"https:\/\/tribulossi.cat\/wp-content\/uploads\/elementor\/thumbs\/trofeu-tribulosi-1-r22wxyyeoay07bwql6p0h6x6vyiw7au2d0l4wc8zxc.jpg\"},{\"@type\":\"BreadcrumbList\",\"@id\":\"https:\/\/tribulossi.cat\/es\/el-trofeo\/trofeu-2024\/#breadcrumb\",\"itemListElement\":[{\"@type\":\"ListItem\",\"position\":1,\"name\":\"Inici\",\"item\":\"https:\/\/tribulossi.cat\/es\/presentacion\/\"},{\"@type\":\"ListItem\",\"position\":2,\"name\":\"El trofeo\",\"item\":\"https:\/\/tribulossi.cat\/es\/el-trofeo\/\"},{\"@type\":\"ListItem\",\"position\":3,\"name\":\"Trofeo 2024\"}]},{\"@type\":\"WebSite\",\"@id\":\"https:\/\/tribulossi.cat\/es\/#website\",\"url\":\"https:\/\/tribulossi.cat\/es\/\",\"name\":\"Festival Tribulossi\",\"description\":\"Festival po\u00e8tic de les arts\",\"publisher\":{\"@id\":\"https:\/\/tribulossi.cat\/es\/#organization\"},\"potentialAction\":[{\"@type\":\"SearchAction\",\"target\":{\"@type\":\"EntryPoint\",\"urlTemplate\":\"https:\/\/tribulossi.cat\/es\/?s={search_term_string}\"},\"query-input\":{\"@type\":\"PropertyValueSpecification\",\"valueRequired\":true,\"valueName\":\"search_term_string\"}}],\"inLanguage\":\"es\"},{\"@type\":\"Organization\",\"@id\":\"https:\/\/tribulossi.cat\/es\/#organization\",\"name\":\"Festival Tribulossi\",\"url\":\"https:\/\/tribulossi.cat\/es\/\",\"logo\":{\"@type\":\"ImageObject\",\"inLanguage\":\"es\",\"@id\":\"https:\/\/tribulossi.cat\/es\/#\/schema\/logo\/image\/\",\"url\":\"https:\/\/tribulossi.cat\/wp-content\/uploads\/2023\/11\/logo-tribulossi.svg\",\"contentUrl\":\"https:\/\/tribulossi.cat\/wp-content\/uploads\/2023\/11\/logo-tribulossi.svg\",\"caption\":\"Festival Tribulossi\"},\"image\":{\"@id\":\"https:\/\/tribulossi.cat\/es\/#\/schema\/logo\/image\/\"}}]}<\/script>\n<!-- \/ Yoast SEO plugin. -->","yoast_head_json":{"title":"Trofeo 2024 - Festival Tribulossi","description":"OcreFerroart define su obra con el Trofeo \"R de Tribulosis\", una pieza que simboliza la letra \"R\" de Tribulosis. Esta compleja escultura est\u00e1 construida","robots":{"index":"index","follow":"follow","max-snippet":"max-snippet:-1","max-image-preview":"max-image-preview:large","max-video-preview":"max-video-preview:-1"},"canonical":"https:\/\/tribulossi.cat\/es\/el-trofeo\/trofeu-2024\/","og_locale":"es_ES","og_type":"article","og_title":"Trofeo 2024 - Festival Tribulossi","og_description":"OcreFerroart define su obra con el Trofeo \"R de Tribulosis\", una pieza que simboliza la letra \"R\" de Tribulosis. Esta compleja escultura est\u00e1 construida","og_url":"https:\/\/tribulossi.cat\/es\/el-trofeo\/trofeu-2024\/","og_site_name":"Festival Tribulossi","article_modified_time":"2025-02-26T16:19:59+00:00","og_image":[{"url":"https:\/\/tribulossi.cat\/wp-content\/uploads\/elementor\/thumbs\/trofeu-tribulosi-1-r22wxyyeoay07bwql6p0h6x6vyiw7au2d0l4wc8zxc.jpg","type":"","width":"","height":""}],"twitter_card":"summary_large_image","twitter_misc":{"Tiempo de lectura":"4 minutos"},"schema":{"@context":"https:\/\/schema.org","@graph":[{"@type":"WebPage","@id":"https:\/\/tribulossi.cat\/es\/el-trofeo\/trofeu-2024\/","url":"https:\/\/tribulossi.cat\/es\/el-trofeo\/trofeu-2024\/","name":"Trofeo 2024 - Festival Tribulossi","isPartOf":{"@id":"https:\/\/tribulossi.cat\/es\/#website"},"primaryImageOfPage":{"@id":"https:\/\/tribulossi.cat\/es\/el-trofeo\/trofeu-2024\/#primaryimage"},"image":{"@id":"https:\/\/tribulossi.cat\/es\/el-trofeo\/trofeu-2024\/#primaryimage"},"thumbnailUrl":"https:\/\/tribulossi.cat\/wp-content\/uploads\/elementor\/thumbs\/trofeu-tribulosi-1-r22wxyyeoay07bwql6p0h6x6vyiw7au2d0l4wc8zxc.jpg","datePublished":"2024-05-06T15:49:45+00:00","dateModified":"2025-02-26T16:19:59+00:00","description":"OcreFerroart define su obra con el Trofeo \"R de Tribulosis\", una pieza que simboliza la letra \"R\" de Tribulosis. Esta compleja escultura est\u00e1 construida","breadcrumb":{"@id":"https:\/\/tribulossi.cat\/es\/el-trofeo\/trofeu-2024\/#breadcrumb"},"inLanguage":"es","potentialAction":[{"@type":"ReadAction","target":["https:\/\/tribulossi.cat\/es\/el-trofeo\/trofeu-2024\/"]}]},{"@type":"ImageObject","inLanguage":"es","@id":"https:\/\/tribulossi.cat\/es\/el-trofeo\/trofeu-2024\/#primaryimage","url":"https:\/\/tribulossi.cat\/wp-content\/uploads\/elementor\/thumbs\/trofeu-tribulosi-1-r22wxyyeoay07bwql6p0h6x6vyiw7au2d0l4wc8zxc.jpg","contentUrl":"https:\/\/tribulossi.cat\/wp-content\/uploads\/elementor\/thumbs\/trofeu-tribulosi-1-r22wxyyeoay07bwql6p0h6x6vyiw7au2d0l4wc8zxc.jpg"},{"@type":"BreadcrumbList","@id":"https:\/\/tribulossi.cat\/es\/el-trofeo\/trofeu-2024\/#breadcrumb","itemListElement":[{"@type":"ListItem","position":1,"name":"Inici","item":"https:\/\/tribulossi.cat\/es\/presentacion\/"},{"@type":"ListItem","position":2,"name":"El trofeo","item":"https:\/\/tribulossi.cat\/es\/el-trofeo\/"},{"@type":"ListItem","position":3,"name":"Trofeo 2024"}]},{"@type":"WebSite","@id":"https:\/\/tribulossi.cat\/es\/#website","url":"https:\/\/tribulossi.cat\/es\/","name":"Festival Tribulossi","description":"Festival po\u00e8tic de les arts","publisher":{"@id":"https:\/\/tribulossi.cat\/es\/#organization"},"potentialAction":[{"@type":"SearchAction","target":{"@type":"EntryPoint","urlTemplate":"https:\/\/tribulossi.cat\/es\/?s={search_term_string}"},"query-input":{"@type":"PropertyValueSpecification","valueRequired":true,"valueName":"search_term_string"}}],"inLanguage":"es"},{"@type":"Organization","@id":"https:\/\/tribulossi.cat\/es\/#organization","name":"Festival Tribulossi","url":"https:\/\/tribulossi.cat\/es\/","logo":{"@type":"ImageObject","inLanguage":"es","@id":"https:\/\/tribulossi.cat\/es\/#\/schema\/logo\/image\/","url":"https:\/\/tribulossi.cat\/wp-content\/uploads\/2023\/11\/logo-tribulossi.svg","contentUrl":"https:\/\/tribulossi.cat\/wp-content\/uploads\/2023\/11\/logo-tribulossi.svg","caption":"Festival Tribulossi"},"image":{"@id":"https:\/\/tribulossi.cat\/es\/#\/schema\/logo\/image\/"}}]}},"_links":{"self":[{"href":"https:\/\/tribulossi.cat\/es\/wp-json\/wp\/v2\/pages\/926","targetHints":{"allow":["GET"]}}],"collection":[{"href":"https:\/\/tribulossi.cat\/es\/wp-json\/wp\/v2\/pages"}],"about":[{"href":"https:\/\/tribulossi.cat\/es\/wp-json\/wp\/v2\/types\/page"}],"author":[{"embeddable":true,"href":"https:\/\/tribulossi.cat\/es\/wp-json\/wp\/v2\/users\/1"}],"replies":[{"embeddable":true,"href":"https:\/\/tribulossi.cat\/es\/wp-json\/wp\/v2\/comments?post=926"}],"version-history":[{"count":3,"href":"https:\/\/tribulossi.cat\/es\/wp-json\/wp\/v2\/pages\/926\/revisions"}],"predecessor-version":[{"id":1067,"href":"https:\/\/tribulossi.cat\/es\/wp-json\/wp\/v2\/pages\/926\/revisions\/1067"}],"up":[{"embeddable":true,"href":"https:\/\/tribulossi.cat\/es\/wp-json\/wp\/v2\/pages\/744"}],"wp:attachment":[{"href":"https:\/\/tribulossi.cat\/es\/wp-json\/wp\/v2\/media?parent=926"}],"curies":[{"name":"wp","href":"https:\/\/api.w.org\/{rel}","templated":true}]}}